{"id":241,"date":"2022-11-14T14:00:26","date_gmt":"2022-11-14T13:00:26","guid":{"rendered":"https:\/\/serina.sk\/de\/?page_id=241"},"modified":"2023-02-18T19:35:29","modified_gmt":"2023-02-18T18:35:29","slug":"der-anwalt","status":"publish","type":"page","link":"https:\/\/serina.sk\/de\/der-anwalt\/","title":{"rendered":"Der Anwalt"},"content":{"rendered":"\n<style type=\"text\/css\" data-created_by=\"avia_inline_auto\" id=\"style-css-av-lagswj96-57ac6fccb9169e7cbed30d010f424d20\">\n.avia-section.av-lagswj96-57ac6fccb9169e7cbed30d010f424d20{\nbackground-repeat:no-repeat;\nbackground-image:url(https:\/\/serina.sk\/de\/wp-content\/uploads\/sites\/8\/2022\/11\/2014-03-12_Peter_Serina_kancelaria_portrety-37.jpg);\nbackground-position:50% 50%;\nbackground-attachment:fixed;\n}\n.avia-section.av-lagswj96-57ac6fccb9169e7cbed30d010f424d20 .av-section-color-overlay{\nopacity:0.5;\nbackground-color:#000000;\n}\n<\/style>\n<div id='av_section_1'  class='avia-section av-lagswj96-57ac6fccb9169e7cbed30d010f424d20 main_color avia-section-default avia-no-border-styling  avia-builder-el-0  el_before_av_section  avia-builder-el-first  avia-full-stretch avia-bg-style-fixed av-section-color-overlay-active av-minimum-height av-minimum-height-custom  container_wrap sidebar_right'  data-section-bg-repeat='stretch' data-av_minimum_height_px='350'><div class=\"av-section-color-overlay-wrap\"><div class=\"av-section-color-overlay\"><\/div><div class='container av-section-cont-open' style='height:350px'><main  role=\"main\" itemprop=\"mainContentOfPage\"  class='template-page content  av-content-small alpha units'><div class='post-entry post-entry-type-page post-entry-241'><div class='entry-content-wrapper clearfix'>\n\n<style type=\"text\/css\" data-created_by=\"avia_inline_auto\" id=\"style-css-av-lagswqg1-85e71919f0583a61d4aadfddac2a1045\">\n#top .av-special-heading.av-lagswqg1-85e71919f0583a61d4aadfddac2a1045{\npadding-bottom:10px;\ncolor:#ffffff;\n}\nbody .av-special-heading.av-lagswqg1-85e71919f0583a61d4aadfddac2a1045 .av-special-heading-tag .heading-char{\nfont-size:25px;\n}\n.av-special-heading.av-lagswqg1-85e71919f0583a61d4aadfddac2a1045 .special-heading-inner-border{\nborder-color:#ffffff;\n}\n.av-special-heading.av-lagswqg1-85e71919f0583a61d4aadfddac2a1045 .av-subheading{\nfont-size:15px;\n}\n<\/style>\n<div  class='av-special-heading av-lagswqg1-85e71919f0583a61d4aadfddac2a1045 av-special-heading-h1 custom-color-heading blockquote modern-quote modern-centered  avia-builder-el-1  avia-builder-el-no-sibling '><h1 class='av-special-heading-tag'  itemprop=\"headline\"  >Der Anwalt<\/h1><div class=\"special-heading-border\"><div class=\"special-heading-inner-border\"><\/div><\/div><\/div>\n\n<\/div><\/div><\/main><!-- close content main element --><\/div><\/div><\/div>\n<style type=\"text\/css\" data-created_by=\"avia_inline_auto\" id=\"style-css-av-lagsx37l-4c2cccafc6babe4530c7079fb743fbad\">\n.avia-section.av-lagsx37l-4c2cccafc6babe4530c7079fb743fbad{\nbackground-repeat:no-repeat;\nbackground-image:url(https:\/\/serina.sk\/de\/wp-content\/uploads\/sites\/8\/2022\/11\/2014-03-12_Peter_Serina_kancelaria_portrety-37.jpg);\nbackground-position:50% 50%;\nbackground-attachment:fixed;\n}\n.avia-section.av-lagsx37l-4c2cccafc6babe4530c7079fb743fbad .av-section-color-overlay{\nopacity:0.8;\nbackground-color:#ffffff;\n}\n<\/style>\n<div id='av_section_2'  class='avia-section av-lagsx37l-4c2cccafc6babe4530c7079fb743fbad main_color avia-section-default avia-no-border-styling  avia-builder-el-2  el_after_av_section  avia-builder-el-last  avia-full-stretch avia-bg-style-fixed av-section-color-overlay-active av-minimum-height av-minimum-height-custom  container_wrap sidebar_right'  data-section-bg-repeat='stretch' data-av_minimum_height_px='400'><div class=\"av-section-color-overlay-wrap\"><div class=\"av-section-color-overlay\"><\/div><div class='container av-section-cont-open' style='height:400px'><div class='template-page content  av-content-small alpha units'><div class='post-entry post-entry-type-page post-entry-241'><div class='entry-content-wrapper clearfix'>\n\n<style type=\"text\/css\" data-created_by=\"avia_inline_auto\" id=\"style-css-av-3kkowh-2ecdadfbafd778c8468c07da78941824\">\n.flex_column.av-3kkowh-2ecdadfbafd778c8468c07da78941824{\nwidth:23.5%;\npadding:0 0 0 0;\nbackground-color:rgba(255,255,255,0.8);\n}\n<\/style>\n<div class='flex_column av-3kkowh-2ecdadfbafd778c8468c07da78941824 av_one_fourth  avia-builder-el-3  el_before_av_three_fourth  avia-builder-el-first  first flex_column_div av-zero-column-padding '     ><style type=\"text\/css\" data-created_by=\"avia_inline_auto\" id=\"style-css-av-lagsxpv2-c887d412b0216ab320a91ac0d8c0c1d4\">\n.avia-image-container.av-lagsxpv2-c887d412b0216ab320a91ac0d8c0c1d4 img.avia_image{\nbox-shadow:none;\n}\n.avia-image-container.av-lagsxpv2-c887d412b0216ab320a91ac0d8c0c1d4 .av-image-caption-overlay-center{\ncolor:#ffffff;\n}\n<\/style>\n<div  class='avia-image-container av-lagsxpv2-c887d412b0216ab320a91ac0d8c0c1d4 av-styling- avia-align-center  avia-builder-el-4  avia-builder-el-no-sibling '   itemprop=\"image\" itemscope=\"itemscope\" itemtype=\"https:\/\/schema.org\/ImageObject\" ><div class=\"avia-image-container-inner\"><div class=\"avia-image-overlay-wrap\"><img decoding=\"async\" class='wp-image-247 avia-img-lazy-loading-not-247 avia_image ' src=\"https:\/\/serina.sk\/de\/wp-content\/uploads\/sites\/8\/2022\/11\/portret.png\" alt='' title='portret'  height=\"1000\" width=\"667\"  itemprop=\"thumbnailUrl\" srcset=\"https:\/\/serina.sk\/de\/wp-content\/uploads\/sites\/8\/2022\/11\/portret.png 667w, https:\/\/serina.sk\/de\/wp-content\/uploads\/sites\/8\/2022\/11\/portret-200x300.png 200w, https:\/\/serina.sk\/de\/wp-content\/uploads\/sites\/8\/2022\/11\/portret-470x705.png 470w\" sizes=\"(max-width: 667px) 100vw, 667px\" \/><\/div><\/div><\/div><\/div>\n<style type=\"text\/css\" data-created_by=\"avia_inline_auto\" id=\"style-css-av-3fvvqp-914974b7669d97af90d715bfc455870e\">\n.flex_column.av-3fvvqp-914974b7669d97af90d715bfc455870e{\nwidth:74.5%;\nmargin-left:2%;\npadding:30px 30px 30px 30px;\nbackground-color:rgba(255,255,255,0.8);\n}\n<\/style>\n<div class='flex_column av-3fvvqp-914974b7669d97af90d715bfc455870e av_three_fourth  avia-builder-el-5  el_after_av_one_fourth  avia-builder-el-last  flex_column_div '     ><p>\n<style type=\"text\/css\" data-created_by=\"avia_inline_auto\" id=\"style-css-av-lagszjb2-2dc30487d92014ab02937d53e433311e\">\n#top .av-special-heading.av-lagszjb2-2dc30487d92014ab02937d53e433311e{\npadding-bottom:10px;\n}\nbody .av-special-heading.av-lagszjb2-2dc30487d92014ab02937d53e433311e .av-special-heading-tag .heading-char{\nfont-size:25px;\n}\n.av-special-heading.av-lagszjb2-2dc30487d92014ab02937d53e433311e .av-subheading{\nfont-size:15px;\n}\n<\/style>\n<div  class='av-special-heading av-lagszjb2-2dc30487d92014ab02937d53e433311e av-special-heading-h2 blockquote modern-quote  avia-builder-el-6  el_before_av_textblock  avia-builder-el-first '><h2 class='av-special-heading-tag'  itemprop=\"headline\"  >Peter Serina<\/h2><div class=\"special-heading-border\"><div class=\"special-heading-inner-border\"><\/div><\/div><\/div><br \/>\n<section  class='av_textblock_section av-37g0p5-3560405891bf930c127bd6b0989469ef'  itemscope=\"itemscope\" itemtype=\"https:\/\/schema.org\/CreativeWork\" ><div class='avia_textblock'  itemprop=\"text\" ><p>Peter Serina hat sein Studium an der Juristischen Fakult\u00e4t der UPJ\u0160 in Ko\u0161ice im Jahr 2004 abgeschlossen und befasst sich seitdem haupts\u00e4chlich mit Handels-, Zivil-, Arbeits- und Familienrecht in allen Bereichen. Peter vertritt gerne in der Streitagenda vor Beh\u00f6rden und Gerichten. Er befasste sich mit der Gr\u00fcndung und Fusion von Unternehmen. Sie ber\u00e4t in- und ausl\u00e4ndische Mandanten rechtlich. Er befasst sich auch mit dem Recht des geistigen Eigentums, dem Verfassungs- und Verwaltungsrecht. Er leistet Rechtsberatung haupts\u00e4chlich in der Slowakischen Republik.<br \/>\nPeter ist Autor zahlreicher Artikel in den Bereichen Wirtschaft \/Magazin Podnikanie, herausgegeben von SBA\/, Finanzvermittlung \/Finanzintermedi\u00e4r und Berater in der Praxis, herausgegeben von Iura Edition\/. Gleichzeitig ist er Autor der Studie Familienunternehmen in der Slowakei \/SBA-Kunde\/ und Co-Autor der Analyse Betrug im Gesch\u00e4ftsleben und M\u00f6glichkeiten zur Verhinderung unlauterer Gesch\u00e4fte \/PAS-Kunde\/.<\/p>\n<p>Er widmet sich der juristischen Alphabetisierung an weiterf\u00fchrenden Schulen. In seiner Freizeit liest er B\u00fccher, studiert Geschichte, Imker und G\u00e4rten<\/p>\n<p><strong>Die Ausbildung:<\/strong> 2004, Juristische Fakult\u00e4t der UPJ\u0160 in Ko\u0161ice, SK<\/p>\n<p><strong>Die Sprachen: <\/strong>Slowakisch, Tschechisch, Deutsch, English<\/p>\n<p><strong>Die Mitgliedschaft in die Organisationen: <\/strong>Mitglied der SAK, Schiedsrichter des SAK Schiedsgerichtshofs, seit 2017 \u2022 Mitglied der SAK Bar Affairs Group \u2022 Mitglied der SAK Disziplinarkommission<\/p>\n<\/div><\/section><br \/>\n\n<style type=\"text\/css\" data-created_by=\"avia_inline_auto\" id=\"style-css-av-lagtbwmq-65647b67d0f9691310c22e2f59354552\">\n.avia-image-container.av-lagtbwmq-65647b67d0f9691310c22e2f59354552 img.avia_image{\nbox-shadow:none;\n}\n.avia-image-container.av-lagtbwmq-65647b67d0f9691310c22e2f59354552 .av-image-caption-overlay-center{\ncolor:#ffffff;\n}\n<\/style>\n<div  class='avia-image-container av-lagtbwmq-65647b67d0f9691310c22e2f59354552 av-styling- avia-align-left  avia-builder-el-8  el_after_av_textblock  avia-builder-el-last  av-small-hide av-mini-hide'   itemprop=\"image\" itemscope=\"itemscope\" itemtype=\"https:\/\/schema.org\/ImageObject\" ><div class=\"avia-image-container-inner\"><div class=\"avia-image-overlay-wrap\"><img decoding=\"async\" class='wp-image-264 avia-img-lazy-loading-not-264 avia_image ' src=\"https:\/\/serina.sk\/de\/wp-content\/uploads\/sites\/8\/2022\/11\/serina_kontakt-80x80.png\" alt='' title='serina_kontakt'  height=\"80\" width=\"80\"  itemprop=\"thumbnailUrl\" srcset=\"https:\/\/serina.sk\/de\/wp-content\/uploads\/sites\/8\/2022\/11\/serina_kontakt-80x80.png 80w, https:\/\/serina.sk\/de\/wp-content\/uploads\/sites\/8\/2022\/11\/serina_kontakt-300x300.png 300w, https:\/\/serina.sk\/de\/wp-content\/uploads\/sites\/8\/2022\/11\/serina_kontakt-36x36.png 36w, https:\/\/serina.sk\/de\/wp-content\/uploads\/sites\/8\/2022\/11\/serina_kontakt-180x180.png 180w, https:\/\/serina.sk\/de\/wp-content\/uploads\/sites\/8\/2022\/11\/serina_kontakt.png 400w\" sizes=\"(max-width: 80px) 100vw, 80px\" \/><\/div><\/div><\/div><\/p><\/div><\/div><\/div><\/div><!-- close content main div --><\/div><\/div><\/div><div id='after_section_2'  class='main_color av_default_container_wrap container_wrap sidebar_right'  ><div class='container av-section-cont-open' ><div class='template-page content  av-content-small alpha units'><div class='post-entry post-entry-type-page post-entry-241'><div class='entry-content-wrapper clearfix'>\n","protected":false},"excerpt":{"rendered":"","protected":false},"author":1,"featured_media":0,"parent":0,"menu_order":0,"comment_status":"closed","ping_status":"closed","template":"","meta":{"om_disable_all_campaigns":false,"_monsterinsights_skip_tracking":false,"_monsterinsights_sitenote_active":false,"_monsterinsights_sitenote_note":"","_monsterinsights_sitenote_category":0,"footnotes":""},"class_list":["post-241","page","type-page","status-publish","hentry"],"aioseo_notices":[],"yoast_head":"<!-- This site is optimized with the Yoast SEO plugin v27.4 - https:\/\/yoast.com\/product\/yoast-seo-wordpress\/ -->\n<title>Der Anwalt - Nem\u010dina<\/title>\n<meta name=\"robots\" content=\"index, follow, max-snippet:-1, max-image-preview:large, max-video-preview:-1\" \/>\n<link rel=\"canonical\" href=\"https:\/\/advokatserina.sk\/de\/der-anwalt\/\" \/>\n<meta property=\"og:locale\" content=\"de_DE\" \/>\n<meta property=\"og:type\" content=\"article\" \/>\n<meta property=\"og:title\" content=\"Der Anwalt - Nem\u010dina\" \/>\n<meta property=\"og:url\" content=\"https:\/\/advokatserina.sk\/de\/der-anwalt\/\" \/>\n<meta property=\"og:site_name\" content=\"Nem\u010dina\" \/>\n<meta property=\"article:modified_time\" content=\"2023-02-18T18:35:29+00:00\" \/>\n<meta name=\"twitter:card\" content=\"summary_large_image\" \/>\n<meta name=\"twitter:label1\" content=\"Gesch\u00e4tzte Lesezeit\" \/>\n\t<meta name=\"twitter:data1\" content=\"5\u00a0Minuten\" \/>\n<script type=\"application\/ld+json\" class=\"yoast-schema-graph\">{\"@context\":\"https:\\\/\\\/schema.org\",\"@graph\":[{\"@type\":\"WebPage\",\"@id\":\"https:\\\/\\\/advokatserina.sk\\\/de\\\/der-anwalt\\\/\",\"url\":\"https:\\\/\\\/advokatserina.sk\\\/de\\\/der-anwalt\\\/\",\"name\":\"Der Anwalt - Nem\u010dina\",\"isPartOf\":{\"@id\":\"https:\\\/\\\/advokatserina.sk\\\/de\\\/#website\"},\"datePublished\":\"2022-11-14T13:00:26+00:00\",\"dateModified\":\"2023-02-18T18:35:29+00:00\",\"breadcrumb\":{\"@id\":\"https:\\\/\\\/advokatserina.sk\\\/de\\\/der-anwalt\\\/#breadcrumb\"},\"inLanguage\":\"de\",\"potentialAction\":[{\"@type\":\"ReadAction\",\"target\":[\"https:\\\/\\\/advokatserina.sk\\\/de\\\/der-anwalt\\\/\"]}]},{\"@type\":\"BreadcrumbList\",\"@id\":\"https:\\\/\\\/advokatserina.sk\\\/de\\\/der-anwalt\\\/#breadcrumb\",\"itemListElement\":[{\"@type\":\"ListItem\",\"position\":1,\"name\":\"Domovsk\u00e1 str\u00e1nka\",\"item\":\"https:\\\/\\\/advokatserina.sk\\\/de\\\/peter-serina\\\/\"},{\"@type\":\"ListItem\",\"position\":2,\"name\":\"Der Anwalt\"}]},{\"@type\":\"WebSite\",\"@id\":\"https:\\\/\\\/advokatserina.sk\\\/de\\\/#website\",\"url\":\"https:\\\/\\\/advokatserina.sk\\\/de\\\/\",\"name\":\"Nem\u010dina\",\"description\":\"Anwalt Peter Serina\",\"potentialAction\":[{\"@type\":\"SearchAction\",\"target\":{\"@type\":\"EntryPoint\",\"urlTemplate\":\"https:\\\/\\\/advokatserina.sk\\\/de\\\/?s={search_term_string}\"},\"query-input\":{\"@type\":\"PropertyValueSpecification\",\"valueRequired\":true,\"valueName\":\"search_term_string\"}}],\"inLanguage\":\"de\"}]}<\/script>\n<!-- \/ Yoast SEO plugin. -->","yoast_head_json":{"title":"Der Anwalt - Nem\u010dina","robots":{"index":"index","follow":"follow","max-snippet":"max-snippet:-1","max-image-preview":"max-image-preview:large","max-video-preview":"max-video-preview:-1"},"canonical":"https:\/\/advokatserina.sk\/de\/der-anwalt\/","og_locale":"de_DE","og_type":"article","og_title":"Der Anwalt - Nem\u010dina","og_url":"https:\/\/advokatserina.sk\/de\/der-anwalt\/","og_site_name":"Nem\u010dina","article_modified_time":"2023-02-18T18:35:29+00:00","twitter_card":"summary_large_image","twitter_misc":{"Gesch\u00e4tzte Lesezeit":"5\u00a0Minuten"},"schema":{"@context":"https:\/\/schema.org","@graph":[{"@type":"WebPage","@id":"https:\/\/advokatserina.sk\/de\/der-anwalt\/","url":"https:\/\/advokatserina.sk\/de\/der-anwalt\/","name":"Der Anwalt - Nem\u010dina","isPartOf":{"@id":"https:\/\/advokatserina.sk\/de\/#website"},"datePublished":"2022-11-14T13:00:26+00:00","dateModified":"2023-02-18T18:35:29+00:00","breadcrumb":{"@id":"https:\/\/advokatserina.sk\/de\/der-anwalt\/#breadcrumb"},"inLanguage":"de","potentialAction":[{"@type":"ReadAction","target":["https:\/\/advokatserina.sk\/de\/der-anwalt\/"]}]},{"@type":"BreadcrumbList","@id":"https:\/\/advokatserina.sk\/de\/der-anwalt\/#breadcrumb","itemListElement":[{"@type":"ListItem","position":1,"name":"Domovsk\u00e1 str\u00e1nka","item":"https:\/\/advokatserina.sk\/de\/peter-serina\/"},{"@type":"ListItem","position":2,"name":"Der Anwalt"}]},{"@type":"WebSite","@id":"https:\/\/advokatserina.sk\/de\/#website","url":"https:\/\/advokatserina.sk\/de\/","name":"Nem\u010dina","description":"Anwalt Peter Serina","potentialAction":[{"@type":"SearchAction","target":{"@type":"EntryPoint","urlTemplate":"https:\/\/advokatserina.sk\/de\/?s={search_term_string}"},"query-input":{"@type":"PropertyValueSpecification","valueRequired":true,"valueName":"search_term_string"}}],"inLanguage":"de"}]}},"_links":{"self":[{"href":"https:\/\/serina.sk\/de\/wp-json\/wp\/v2\/pages\/241","targetHints":{"allow":["GET"]}}],"collection":[{"href":"https:\/\/serina.sk\/de\/wp-json\/wp\/v2\/pages"}],"about":[{"href":"https:\/\/serina.sk\/de\/wp-json\/wp\/v2\/types\/page"}],"author":[{"embeddable":true,"href":"https:\/\/serina.sk\/de\/wp-json\/wp\/v2\/users\/1"}],"replies":[{"embeddable":true,"href":"https:\/\/serina.sk\/de\/wp-json\/wp\/v2\/comments?post=241"}],"version-history":[{"count":19,"href":"https:\/\/serina.sk\/de\/wp-json\/wp\/v2\/pages\/241\/revisions"}],"predecessor-version":[{"id":631,"href":"https:\/\/serina.sk\/de\/wp-json\/wp\/v2\/pages\/241\/revisions\/631"}],"wp:attachment":[{"href":"https:\/\/serina.sk\/de\/wp-json\/wp\/v2\/media?parent=241"}],"curies":[{"name":"wp","href":"https:\/\/api.w.org\/{rel}","templated":true}]}}