{"id":468,"date":"2022-11-14T19:35:27","date_gmt":"2022-11-14T18:35:27","guid":{"rendered":"https:\/\/serina.sk\/de\/?page_id=468"},"modified":"2022-11-26T08:39:43","modified_gmt":"2022-11-26T07:39:43","slug":"karriere","status":"publish","type":"page","link":"https:\/\/serina.sk\/de\/karriere\/","title":{"rendered":"Die Karriere"},"content":{"rendered":"\n<style type=\"text\/css\" data-created_by=\"avia_inline_auto\" id=\"style-css-av-kc9h0-c5d3898285b98b1eae6c3fbc5e8f901f\">\n.avia-section.av-kc9h0-c5d3898285b98b1eae6c3fbc5e8f901f{\nbackground-repeat:no-repeat;\nbackground-image:url(https:\/\/serina.sk\/de\/wp-content\/uploads\/sites\/8\/2022\/11\/2014-03-12_Peter_Serina_kancelaria_portrety-18.jpg);\nbackground-position:50% 50%;\nbackground-attachment:fixed;\n}\n.avia-section.av-kc9h0-c5d3898285b98b1eae6c3fbc5e8f901f .av-section-color-overlay{\nopacity:0.5;\nbackground-color:#000000;\n}\n<\/style>\n<div id='av_section_1'  class='avia-section av-kc9h0-c5d3898285b98b1eae6c3fbc5e8f901f main_color avia-section-default avia-no-border-styling  avia-builder-el-0  el_before_av_section  avia-builder-el-first  avia-full-stretch avia-bg-style-fixed av-section-color-overlay-active av-minimum-height av-minimum-height-custom  container_wrap sidebar_right'  data-section-bg-repeat='stretch' data-av_minimum_height_px='250'><div class=\"av-section-color-overlay-wrap\"><div class=\"av-section-color-overlay\"><\/div><div class='container av-section-cont-open' style='height:250px'><main  role=\"main\" itemprop=\"mainContentOfPage\"  class='template-page content  av-content-small alpha units'><div class='post-entry post-entry-type-page post-entry-468'><div class='entry-content-wrapper clearfix'>\n\n<style type=\"text\/css\" data-created_by=\"avia_inline_auto\" id=\"style-css-av-lah4t0v9-ea6bc6d104d0798fef32e0a98e100ee8\">\n#top .av-special-heading.av-lah4t0v9-ea6bc6d104d0798fef32e0a98e100ee8{\npadding-bottom:10px;\ncolor:#ffffff;\n}\nbody .av-special-heading.av-lah4t0v9-ea6bc6d104d0798fef32e0a98e100ee8 .av-special-heading-tag .heading-char{\nfont-size:25px;\n}\n.av-special-heading.av-lah4t0v9-ea6bc6d104d0798fef32e0a98e100ee8 .special-heading-inner-border{\nborder-color:#ffffff;\n}\n.av-special-heading.av-lah4t0v9-ea6bc6d104d0798fef32e0a98e100ee8 .av-subheading{\nfont-size:15px;\n}\n<\/style>\n<div  class='av-special-heading av-lah4t0v9-ea6bc6d104d0798fef32e0a98e100ee8 av-special-heading-h1 custom-color-heading blockquote modern-quote modern-centered  avia-builder-el-1  avia-builder-el-no-sibling '><h1 class='av-special-heading-tag'  itemprop=\"headline\"  >Die Karriere<\/h1><div class=\"special-heading-border\"><div class=\"special-heading-inner-border\"><\/div><\/div><\/div>\n<\/div><\/div><\/main><!-- close content main element --><\/div><\/div><\/div>\n<style type=\"text\/css\" data-created_by=\"avia_inline_auto\" id=\"style-css-av-e2afw-6fe94fcc04bedc8d10d887b58238757a\">\n.avia-section.av-e2afw-6fe94fcc04bedc8d10d887b58238757a{\nbackground-repeat:no-repeat;\nbackground-image:url(https:\/\/serina.sk\/de\/wp-content\/uploads\/sites\/8\/2022\/11\/2014-03-12_Peter_Serina_kancelaria_portrety-18.jpg);\nbackground-position:50% 50%;\nbackground-attachment:fixed;\n}\n.avia-section.av-e2afw-6fe94fcc04bedc8d10d887b58238757a .av-section-color-overlay{\nopacity:0.8;\nbackground-color:#ffffff;\n}\n<\/style>\n<div id='av_section_2'  class='avia-section av-e2afw-6fe94fcc04bedc8d10d887b58238757a main_color avia-section-default avia-no-border-styling  avia-builder-el-2  el_after_av_section  avia-builder-el-last  avia-full-stretch avia-bg-style-fixed av-section-color-overlay-active av-minimum-height av-minimum-height-custom  container_wrap sidebar_right'  data-section-bg-repeat='stretch' data-av_minimum_height_px='400'><div class=\"av-section-color-overlay-wrap\"><div class=\"av-section-color-overlay\"><\/div><div class='container av-section-cont-open' style='height:400px'><div class='template-page content  av-content-small alpha units'><div class='post-entry post-entry-type-page post-entry-468'><div class='entry-content-wrapper clearfix'>\n<div class='flex_column_table av-lah4u7bv-021db3b937ba5345faf787c7920b2fbe sc-av_one_half av-equal-height-column-flextable'>\n<style type=\"text\/css\" data-created_by=\"avia_inline_auto\" id=\"style-css-av-lah4u7bv-021db3b937ba5345faf787c7920b2fbe\">\n.flex_column.av-lah4u7bv-021db3b937ba5345faf787c7920b2fbe{\nwidth:49%;\nmargin-left:0;\npadding:30px 30px 30px 30px;\nbackground-color:rgba(255,255,255,0.8);\n}\n#top .flex_column_table.av-equal-height-column-flextable.av-lah4u7bv-021db3b937ba5345faf787c7920b2fbe .av-flex-placeholder{\nwidth:2%;\n}\n<\/style>\n<div class='flex_column av-lah4u7bv-021db3b937ba5345faf787c7920b2fbe av_one_half  avia-builder-el-3  el_before_av_one_half  avia-builder-el-first  first flex_column_table_cell av-equal-height-column av-align-top '     ><p>\n<style type=\"text\/css\" data-created_by=\"avia_inline_auto\" id=\"style-css-av-lah4ufzb-b0212c69c44f07761c5080154364a063\">\n#top .av-special-heading.av-lah4ufzb-b0212c69c44f07761c5080154364a063{\npadding-bottom:10px;\n}\nbody .av-special-heading.av-lah4ufzb-b0212c69c44f07761c5080154364a063 .av-special-heading-tag .heading-char{\nfont-size:25px;\n}\n.av-special-heading.av-lah4ufzb-b0212c69c44f07761c5080154364a063 .av-subheading{\nfont-size:15px;\n}\n<\/style>\n<div  class='av-special-heading av-lah4ufzb-b0212c69c44f07761c5080154364a063 av-special-heading-h2 blockquote modern-quote  avia-builder-el-4  el_before_av_textblock  avia-builder-el-first '><h2 class='av-special-heading-tag'  itemprop=\"headline\"  >F\u00fcr Studenten<\/h2><div class=\"special-heading-border\"><div class=\"special-heading-inner-border\"><\/div><\/div><\/div><br \/>\n<section  class='av_textblock_section av-lah4umap-15a632ae01bdd239e90c76da42b32ebb'  itemscope=\"itemscope\" itemtype=\"https:\/\/schema.org\/CreativeWork\" ><div class='avia_textblock'  itemprop=\"text\" ><p>Wir freuen uns \u00fcber junge Talente, die daran interessiert sind, unserem Team beizutreten. Wir f\u00f6rdern Menschen, die bereit und lernf\u00e4hig sind. Wir bieten einj\u00e4hrige und k\u00fcrzere Praktika f\u00fcr ausgew\u00e4hlte Jurastudenten an, die daran interessiert sind, ihr Fachwissen zu vertiefen und sich f\u00fcr Recht interessieren. Wir setzen verhandlungssichere Deutsch- oder Englischkenntnisse voraus, ausgezeichnete juristische Kenntnisse und die Bereitschaft, an sich selbst zu arbeiten. Wenn Sie diese Anforderungen erf\u00fcllen, kontaktieren Sie uns bitte unter <a href=\"mailto:office@serina.sk\">office@serina.sk<\/a>.<\/p>\n<\/div><\/section><\/p><\/div><div class='av-flex-placeholder'><\/div>\n<style type=\"text\/css\" data-created_by=\"avia_inline_auto\" id=\"style-css-av-6vs44-15241e5af4520907ac14b0fcf7870014\">\n.flex_column.av-6vs44-15241e5af4520907ac14b0fcf7870014{\nwidth:49%;\nmargin-left:0;\npadding:30px 30px 30px 30px;\nbackground-color:rgba(255,255,255,0.8);\n}\n#top .flex_column_table.av-equal-height-column-flextable.av-6vs44-15241e5af4520907ac14b0fcf7870014 .av-flex-placeholder{\nwidth:2%;\n}\n<\/style>\n<div class='flex_column av-6vs44-15241e5af4520907ac14b0fcf7870014 av_one_half  avia-builder-el-6  el_after_av_one_half  avia-builder-el-last  flex_column_table_cell av-equal-height-column av-align-top '     ><p>\n<style type=\"text\/css\" data-created_by=\"avia_inline_auto\" id=\"style-css-av-lah4uwj8-d3852b095713241f3d7ee066417819f4\">\n#top .av-special-heading.av-lah4uwj8-d3852b095713241f3d7ee066417819f4{\npadding-bottom:10px;\n}\nbody .av-special-heading.av-lah4uwj8-d3852b095713241f3d7ee066417819f4 .av-special-heading-tag .heading-char{\nfont-size:25px;\n}\n.av-special-heading.av-lah4uwj8-d3852b095713241f3d7ee066417819f4 .av-subheading{\nfont-size:15px;\n}\n<\/style>\n<div  class='av-special-heading av-lah4uwj8-d3852b095713241f3d7ee066417819f4 av-special-heading-h2 blockquote modern-quote  avia-builder-el-7  el_before_av_textblock  avia-builder-el-first '><h2 class='av-special-heading-tag'  itemprop=\"headline\"  >F\u00fcr die Verwaltung<\/h2><div class=\"special-heading-border\"><div class=\"special-heading-inner-border\"><\/div><\/div><\/div><br \/>\n<section  class='av_textblock_section av-lah4v0ww-8533d2873372c7305ecbfb6461324119'  itemscope=\"itemscope\" itemtype=\"https:\/\/schema.org\/CreativeWork\" ><div class='avia_textblock'  itemprop=\"text\" ><p>Wir bieten Dienstleistungen von h\u00f6chster Qualit\u00e4t. Unser Arbeitsumfeld basiert auf freundlicher und offener Kommunikation unter Einhaltung unserer Ziele. Wenn Sie diese Ziele teilen, kontaktieren Sie uns bitte unter <a href=\"mailto:office@serina.sk\">office@serina.sk<\/a>.<\/p>\n<\/div><\/section><\/p><\/div><\/div><!--close column table wrapper. Autoclose: 1 --><\/div><\/div><\/div><!-- close content main div --><\/div><\/div><\/div><div id='after_section_2'  class='main_color av_default_container_wrap container_wrap sidebar_right'  ><div class='container av-section-cont-open' ><div class='template-page content  av-content-small alpha units'><div class='post-entry post-entry-type-page post-entry-468'><div class='entry-content-wrapper clearfix'><\/p>\n","protected":false},"excerpt":{"rendered":"","protected":false},"author":1,"featured_media":0,"parent":0,"menu_order":0,"comment_status":"closed","ping_status":"closed","template":"","meta":{"om_disable_all_campaigns":false,"_monsterinsights_skip_tracking":false,"_monsterinsights_sitenote_active":false,"_monsterinsights_sitenote_note":"","_monsterinsights_sitenote_category":0,"footnotes":""},"class_list":["post-468","page","type-page","status-publish","hentry"],"aioseo_notices":[],"yoast_head":"<!-- This site is optimized with the Yoast SEO plugin v27.6 - https:\/\/yoast.com\/product\/yoast-seo-wordpress\/ -->\n<title>Die Karriere - Nem\u010dina<\/title>\n<meta name=\"robots\" content=\"index, follow, max-snippet:-1, max-image-preview:large, max-video-preview:-1\" \/>\n<link rel=\"canonical\" href=\"https:\/\/advokatserina.sk\/de\/karriere\/\" \/>\n<meta property=\"og:locale\" content=\"de_DE\" \/>\n<meta property=\"og:type\" content=\"article\" \/>\n<meta property=\"og:title\" content=\"Die Karriere - Nem\u010dina\" \/>\n<meta property=\"og:url\" content=\"https:\/\/advokatserina.sk\/de\/karriere\/\" \/>\n<meta property=\"og:site_name\" content=\"Nem\u010dina\" \/>\n<meta property=\"article:modified_time\" content=\"2022-11-26T07:39:43+00:00\" \/>\n<meta name=\"twitter:card\" content=\"summary_large_image\" \/>\n<meta name=\"twitter:label1\" content=\"Gesch\u00e4tzte Lesezeit\" \/>\n\t<meta name=\"twitter:data1\" content=\"4\u00a0Minuten\" \/>\n<script type=\"application\/ld+json\" class=\"yoast-schema-graph\">{\"@context\":\"https:\\\/\\\/schema.org\",\"@graph\":[{\"@type\":\"WebPage\",\"@id\":\"https:\\\/\\\/advokatserina.sk\\\/de\\\/karriere\\\/\",\"url\":\"https:\\\/\\\/advokatserina.sk\\\/de\\\/karriere\\\/\",\"name\":\"Die Karriere - Nem\u010dina\",\"isPartOf\":{\"@id\":\"https:\\\/\\\/advokatserina.sk\\\/de\\\/#website\"},\"datePublished\":\"2022-11-14T18:35:27+00:00\",\"dateModified\":\"2022-11-26T07:39:43+00:00\",\"breadcrumb\":{\"@id\":\"https:\\\/\\\/advokatserina.sk\\\/de\\\/karriere\\\/#breadcrumb\"},\"inLanguage\":\"de\",\"potentialAction\":[{\"@type\":\"ReadAction\",\"target\":[\"https:\\\/\\\/advokatserina.sk\\\/de\\\/karriere\\\/\"]}]},{\"@type\":\"BreadcrumbList\",\"@id\":\"https:\\\/\\\/advokatserina.sk\\\/de\\\/karriere\\\/#breadcrumb\",\"itemListElement\":[{\"@type\":\"ListItem\",\"position\":1,\"name\":\"Domovsk\u00e1 str\u00e1nka\",\"item\":\"https:\\\/\\\/advokatserina.sk\\\/de\\\/peter-serina\\\/\"},{\"@type\":\"ListItem\",\"position\":2,\"name\":\"Die Karriere\"}]},{\"@type\":\"WebSite\",\"@id\":\"https:\\\/\\\/advokatserina.sk\\\/de\\\/#website\",\"url\":\"https:\\\/\\\/advokatserina.sk\\\/de\\\/\",\"name\":\"Nem\u010dina\",\"description\":\"Anwalt Peter Serina\",\"potentialAction\":[{\"@type\":\"SearchAction\",\"target\":{\"@type\":\"EntryPoint\",\"urlTemplate\":\"https:\\\/\\\/advokatserina.sk\\\/de\\\/?s={search_term_string}\"},\"query-input\":{\"@type\":\"PropertyValueSpecification\",\"valueRequired\":true,\"valueName\":\"search_term_string\"}}],\"inLanguage\":\"de\"}]}<\/script>\n<!-- \/ Yoast SEO plugin. -->","yoast_head_json":{"title":"Die Karriere - Nem\u010dina","robots":{"index":"index","follow":"follow","max-snippet":"max-snippet:-1","max-image-preview":"max-image-preview:large","max-video-preview":"max-video-preview:-1"},"canonical":"https:\/\/advokatserina.sk\/de\/karriere\/","og_locale":"de_DE","og_type":"article","og_title":"Die Karriere - Nem\u010dina","og_url":"https:\/\/advokatserina.sk\/de\/karriere\/","og_site_name":"Nem\u010dina","article_modified_time":"2022-11-26T07:39:43+00:00","twitter_card":"summary_large_image","twitter_misc":{"Gesch\u00e4tzte Lesezeit":"4\u00a0Minuten"},"schema":{"@context":"https:\/\/schema.org","@graph":[{"@type":"WebPage","@id":"https:\/\/advokatserina.sk\/de\/karriere\/","url":"https:\/\/advokatserina.sk\/de\/karriere\/","name":"Die Karriere - Nem\u010dina","isPartOf":{"@id":"https:\/\/advokatserina.sk\/de\/#website"},"datePublished":"2022-11-14T18:35:27+00:00","dateModified":"2022-11-26T07:39:43+00:00","breadcrumb":{"@id":"https:\/\/advokatserina.sk\/de\/karriere\/#breadcrumb"},"inLanguage":"de","potentialAction":[{"@type":"ReadAction","target":["https:\/\/advokatserina.sk\/de\/karriere\/"]}]},{"@type":"BreadcrumbList","@id":"https:\/\/advokatserina.sk\/de\/karriere\/#breadcrumb","itemListElement":[{"@type":"ListItem","position":1,"name":"Domovsk\u00e1 str\u00e1nka","item":"https:\/\/advokatserina.sk\/de\/peter-serina\/"},{"@type":"ListItem","position":2,"name":"Die Karriere"}]},{"@type":"WebSite","@id":"https:\/\/advokatserina.sk\/de\/#website","url":"https:\/\/advokatserina.sk\/de\/","name":"Nem\u010dina","description":"Anwalt Peter Serina","potentialAction":[{"@type":"SearchAction","target":{"@type":"EntryPoint","urlTemplate":"https:\/\/advokatserina.sk\/de\/?s={search_term_string}"},"query-input":{"@type":"PropertyValueSpecification","valueRequired":true,"valueName":"search_term_string"}}],"inLanguage":"de"}]}},"_links":{"self":[{"href":"https:\/\/serina.sk\/de\/wp-json\/wp\/v2\/pages\/468","targetHints":{"allow":["GET"]}}],"collection":[{"href":"https:\/\/serina.sk\/de\/wp-json\/wp\/v2\/pages"}],"about":[{"href":"https:\/\/serina.sk\/de\/wp-json\/wp\/v2\/types\/page"}],"author":[{"embeddable":true,"href":"https:\/\/serina.sk\/de\/wp-json\/wp\/v2\/users\/1"}],"replies":[{"embeddable":true,"href":"https:\/\/serina.sk\/de\/wp-json\/wp\/v2\/comments?post=468"}],"version-history":[{"count":6,"href":"https:\/\/serina.sk\/de\/wp-json\/wp\/v2\/pages\/468\/revisions"}],"predecessor-version":[{"id":613,"href":"https:\/\/serina.sk\/de\/wp-json\/wp\/v2\/pages\/468\/revisions\/613"}],"wp:attachment":[{"href":"https:\/\/serina.sk\/de\/wp-json\/wp\/v2\/media?parent=468"}],"curies":[{"name":"wp","href":"https:\/\/api.w.org\/{rel}","templated":true}]}}