{"id":477,"date":"2022-11-14T19:46:19","date_gmt":"2022-11-14T18:46:19","guid":{"rendered":"https:\/\/serina.sk\/de\/?page_id=477"},"modified":"2022-11-26T09:20:16","modified_gmt":"2022-11-26T08:20:16","slug":"bewertungen","status":"publish","type":"page","link":"https:\/\/serina.sk\/de\/bewertungen\/","title":{"rendered":"Die Bewertungen"},"content":{"rendered":"\n<style type=\"text\/css\" data-created_by=\"avia_inline_auto\" id=\"style-css-av-lah4z9s4-f67ecf5633289d4fe9749b3088996b6b\">\n.avia-section.av-lah4z9s4-f67ecf5633289d4fe9749b3088996b6b{\nbackground-repeat:no-repeat;\nbackground-image:url(https:\/\/serina.sk\/de\/wp-content\/uploads\/sites\/8\/2022\/11\/2014-03-12_Peter_Serina_kancelaria_portrety-9.jpg);\nbackground-position:50% 50%;\nbackground-attachment:fixed;\n}\n.avia-section.av-lah4z9s4-f67ecf5633289d4fe9749b3088996b6b .av-section-color-overlay{\nopacity:0.5;\nbackground-color:#000000;\n}\n<\/style>\n<div id='av_section_1'  class='avia-section av-lah4z9s4-f67ecf5633289d4fe9749b3088996b6b main_color avia-section-default avia-no-border-styling  avia-builder-el-0  el_before_av_section  avia-builder-el-first  avia-bg-style-fixed av-section-color-overlay-active av-minimum-height av-minimum-height-custom  container_wrap sidebar_right'  data-section-bg-repeat='no-repeat' data-av_minimum_height_px='350'><div class=\"av-section-color-overlay-wrap\"><div class=\"av-section-color-overlay\"><\/div><div class='container av-section-cont-open' style='height:350px'><main  role=\"main\" itemprop=\"mainContentOfPage\"  class='template-page content  av-content-small alpha units'><div class='post-entry post-entry-type-page post-entry-477'><div class='entry-content-wrapper clearfix'>\n\n<style type=\"text\/css\" data-created_by=\"avia_inline_auto\" id=\"style-css-av-lah4x6r8-b8abdf61d1e69439ddfa245c9177dc4a\">\n#top .av-special-heading.av-lah4x6r8-b8abdf61d1e69439ddfa245c9177dc4a{\npadding-bottom:10px;\ncolor:#ffffff;\n}\nbody .av-special-heading.av-lah4x6r8-b8abdf61d1e69439ddfa245c9177dc4a .av-special-heading-tag .heading-char{\nfont-size:25px;\n}\n.av-special-heading.av-lah4x6r8-b8abdf61d1e69439ddfa245c9177dc4a .special-heading-inner-border{\nborder-color:#ffffff;\n}\n.av-special-heading.av-lah4x6r8-b8abdf61d1e69439ddfa245c9177dc4a .av-subheading{\nfont-size:15px;\n}\n<\/style>\n<div  class='av-special-heading av-lah4x6r8-b8abdf61d1e69439ddfa245c9177dc4a av-special-heading-h1 custom-color-heading blockquote modern-quote modern-centered  avia-builder-el-1  avia-builder-el-no-sibling '><h1 class='av-special-heading-tag'  itemprop=\"headline\"  >Die Bewertungen<\/h1><div class=\"special-heading-border\"><div class=\"special-heading-inner-border\"><\/div><\/div><\/div>\n<\/div><\/div><\/main><!-- close content main element --><\/div><\/div><\/div>\n<style type=\"text\/css\" data-created_by=\"avia_inline_auto\" id=\"style-css-av-lah4zmfi-c8d19a6962f859fd3c0856e061b8636c\">\n.avia-section.av-lah4zmfi-c8d19a6962f859fd3c0856e061b8636c{\nbackground-repeat:no-repeat;\nbackground-image:url(https:\/\/serina.sk\/de\/wp-content\/uploads\/sites\/8\/2022\/11\/2014-03-12_Peter_Serina_kancelaria_portrety-9.jpg);\nbackground-position:50% 50%;\nbackground-attachment:fixed;\n}\n.avia-section.av-lah4zmfi-c8d19a6962f859fd3c0856e061b8636c .av-section-color-overlay{\nopacity:0.8;\nbackground-color:#ffffff;\n}\n<\/style>\n<div id='av_section_2'  class='avia-section av-lah4zmfi-c8d19a6962f859fd3c0856e061b8636c main_color avia-section-default avia-no-border-styling  avia-builder-el-2  el_after_av_section  el_before_av_section  avia-bg-style-fixed av-section-color-overlay-active av-minimum-height av-minimum-height-custom  container_wrap sidebar_right'  data-section-bg-repeat='no-repeat' data-av_minimum_height_px='400'><div class=\"av-section-color-overlay-wrap\"><div class=\"av-section-color-overlay\"><\/div><div class='container av-section-cont-open' style='height:400px'><div class='template-page content  av-content-small alpha units'><div class='post-entry post-entry-type-page post-entry-477'><div class='entry-content-wrapper clearfix'>\n<div class='flex_column_table av-md4xp-61951b31a4c8ef553dc1d2183191b02a sc-av_one_half av-equal-height-column-flextable'>\n<style type=\"text\/css\" data-created_by=\"avia_inline_auto\" id=\"style-css-av-md4xp-61951b31a4c8ef553dc1d2183191b02a\">\n.flex_column.av-md4xp-61951b31a4c8ef553dc1d2183191b02a{\nwidth:49%;\nmargin-left:0;\npadding:30px 30px 30px 30px;\nbackground-color:rgba(255,255,255,0.8);\n}\n#top .flex_column_table.av-equal-height-column-flextable.av-md4xp-61951b31a4c8ef553dc1d2183191b02a .av-flex-placeholder{\nwidth:2%;\n}\n<\/style>\n<div class='flex_column av-md4xp-61951b31a4c8ef553dc1d2183191b02a av_one_half  avia-builder-el-3  el_before_av_one_half  avia-builder-el-first  first flex_column_table_cell av-equal-height-column av-align-top '     ><section  class='av_textblock_section av-lah4xyps-be2761cda7f49d9d2bae90b8f9010f5b'  itemscope=\"itemscope\" itemtype=\"https:\/\/schema.org\/CreativeWork\" ><div class='avia_textblock'  itemprop=\"text\" ><ul>\n<li>\u201eSchl\u00fcsselfertige\u201c Rechtsberatung f\u00fcr einen \u00f6sterreichischen Mandanten bei der Schlie\u00dfung eines Unternehmens in der Slowakischen Republik<\/li>\n<li>Sie erbringen juristische Dienstleistungen f\u00fcr Mandanten im Bereich Konsumg\u00fcter im Rahmen der Gesch\u00e4ftst\u00e4tigkeit<\/li>\n<li>Inkasso und Verwaltung von Forderungen f\u00fcr den Auftraggeber im Konsumg\u00fcterbereich in H\u00f6he von \u00fcber 200.000 Euro<\/li>\n<li>Rechtsdienstleistungen f\u00fcr den Mandanten beim Verkauf des Produktionsbereichs, einschlie\u00dflich der Sicherstellung der Minimierung des Risikos der Nichtzahlung des Kaufpreises<\/li>\n<li>Juristische Dienstleistungen f\u00fcr Mandanten bei der Umsetzung des Baus von Produktions- und B\u00fcropriestern und bei Gesch\u00e4ftst\u00e4tigkeiten<\/li>\n<li>Juristische Dienstleistungen f\u00fcr Unternehmen im Bereich Tourismus und Gesch\u00e4ftst\u00e4tigkeiten<\/li>\n<li>Juristische Dienstleistungen eines der gr\u00f6\u00dften Verk\u00e4ufer von Personenkraftwagen in der Slowakei<\/li>\n<li>Sie erhalten juristische Dienstleistungen aus den Bereichen Buchhaltung, Fusionen, Steuern und Versicherungen in der Gesch\u00e4ftst\u00e4tigkeit<\/li>\n<\/ul>\n<\/div><\/section><\/div><div class='av-flex-placeholder'><\/div>\n<style type=\"text\/css\" data-created_by=\"avia_inline_auto\" id=\"style-css-av-f43k5-e319e81e8c5ae920fd0a7808060d581a\">\n.flex_column.av-f43k5-e319e81e8c5ae920fd0a7808060d581a{\nwidth:49%;\nmargin-left:0;\npadding:30px 30px 30px 30px;\nbackground-color:rgba(255,255,255,0.8);\n}\n#top .flex_column_table.av-equal-height-column-flextable.av-f43k5-e319e81e8c5ae920fd0a7808060d581a .av-flex-placeholder{\nwidth:2%;\n}\n<\/style>\n<div class='flex_column av-f43k5-e319e81e8c5ae920fd0a7808060d581a av_one_half  avia-builder-el-5  el_after_av_one_half  avia-builder-el-last  flex_column_table_cell av-equal-height-column av-align-top '     ><section  class='av_textblock_section av-lah4y46a-c697a90ee71f9af98657083f673342c4'  itemscope=\"itemscope\" itemtype=\"https:\/\/schema.org\/CreativeWork\" ><div class='avia_textblock'  itemprop=\"text\" ><ul>\n<li>Zusammenarbeit mit einem der gr\u00f6\u00dften Betreiber von Internetportalen in der Slowakei<\/li>\n<li>Zusammenarbeit mit einem der gr\u00f6\u00dften Zeitschriftenverlage in der Slowakei<\/li>\n<li>Wir sind Mitautoren der Analyse <a href=\"http:\/\/alianciapas.sk\/wp-content\/uploads\/sites\/8\/2013\/03\/zanepo_analyza.pdf?lipi=urn%3Ali%3Apage%3Ad_flagship3_profile_view_base%3BOshTG8tHQQqVLVlegcFY5w%3D%3D\">des Betrugs im Gesch\u00e4ftsleben und der M\u00f6glichkeit unlauterer Gesch\u00e4ftspraktiken<\/a>, die f\u00fcr die Business Alliance of Slovakia entwickelt wurde.<\/li>\n<li>F\u00fcr NARMSP haben wir eine Studie <a href=\"http:\/\/www.sbagency.sk\/sites\/default\/files\/file\/studia_rodinne_podnikanie_na_slovensku.pdf?lipi=urn%3Ali%3Apage%3Ad_flagship3_profile_view_base%3BOshTG8tHQQqVLVlegcFY5w%3D%3D\">Familienunternehmen in der Slowakei<\/a> vorbereitet.<\/li>\n<li>Neben den oben genannten F\u00e4llen hat unsere Kanzlei Mandanten beim Erwerb von Immobilien, Hypotheken, Mietvertr\u00e4gen, Gesch\u00e4ftstransaktionen und verwandten Bereichen vertreten. Derzeit sind unsere Kunden lokale und ausl\u00e4ndische Unternehmen<\/li>\n<\/ul>\n<\/div><\/section><\/div><\/div><!--close column table wrapper. Autoclose: 1 --><\/div><\/div><\/div><!-- close content main div --><\/div><\/div><\/div><div id='av_section_3'  class='avia-section av-7cdcd-dd20a10e13f9b2a34e1fab4ace554ba9 main_color avia-section-default avia-no-border-styling  avia-builder-el-7  el_after_av_section  avia-builder-el-last  avia-bg-style-scroll container_wrap sidebar_right'  ><div class='container av-section-cont-open' ><div class='template-page content  av-content-small alpha units'><div class='post-entry post-entry-type-page post-entry-477'><div class='entry-content-wrapper clearfix'>\n\n<style type=\"text\/css\" data-created_by=\"avia_inline_auto\" id=\"style-css-av-lah4yeog-23705816fff6108f3985d925f3808565\">\n#top .av-special-heading.av-lah4yeog-23705816fff6108f3985d925f3808565{\npadding-bottom:10px;\n}\nbody .av-special-heading.av-lah4yeog-23705816fff6108f3985d925f3808565 .av-special-heading-tag .heading-char{\nfont-size:25px;\n}\n.av-special-heading.av-lah4yeog-23705816fff6108f3985d925f3808565 .av-subheading{\nfont-size:15px;\n}\n<\/style>\n<div  class='av-special-heading av-lah4yeog-23705816fff6108f3985d925f3808565 av-special-heading-h2 blockquote modern-quote modern-centered  avia-builder-el-8  el_before_av_codeblock  avia-builder-el-first '><h2 class='av-special-heading-tag'  itemprop=\"headline\"  >Nap\u00edsali o n\u00e1s<\/h2><div class=\"special-heading-border\"><div class=\"special-heading-inner-border\"><\/div><\/div><\/div>\n\n<\/div><\/div><\/div><!-- close content main div --><\/div><\/div><div id='after_section_3'  class='main_color av_default_container_wrap container_wrap sidebar_right'  ><div class='container av-section-cont-open' ><div class='template-page content  av-content-small alpha units'><div class='post-entry post-entry-type-page post-entry-477'><div class='entry-content-wrapper clearfix'><\/p>\n","protected":false},"excerpt":{"rendered":"","protected":false},"author":1,"featured_media":0,"parent":0,"menu_order":0,"comment_status":"closed","ping_status":"closed","template":"","meta":{"om_disable_all_campaigns":false,"_monsterinsights_skip_tracking":false,"_monsterinsights_sitenote_active":false,"_monsterinsights_sitenote_note":"","_monsterinsights_sitenote_category":0,"footnotes":""},"class_list":["post-477","page","type-page","status-publish","hentry"],"aioseo_notices":[],"yoast_head":"<!-- This site is optimized with the Yoast SEO plugin v27.5 - https:\/\/yoast.com\/product\/yoast-seo-wordpress\/ -->\n<title>Die Bewertungen - Nem\u010dina<\/title>\n<meta name=\"robots\" content=\"index, follow, max-snippet:-1, max-image-preview:large, max-video-preview:-1\" \/>\n<link rel=\"canonical\" href=\"https:\/\/advokatserina.sk\/de\/bewertungen\/\" \/>\n<meta property=\"og:locale\" content=\"de_DE\" \/>\n<meta property=\"og:type\" content=\"article\" \/>\n<meta property=\"og:title\" content=\"Die Bewertungen - Nem\u010dina\" \/>\n<meta property=\"og:url\" content=\"https:\/\/advokatserina.sk\/de\/bewertungen\/\" \/>\n<meta property=\"og:site_name\" content=\"Nem\u010dina\" \/>\n<meta property=\"article:modified_time\" content=\"2022-11-26T08:20:16+00:00\" \/>\n<meta name=\"twitter:card\" content=\"summary_large_image\" \/>\n<meta name=\"twitter:label1\" content=\"Gesch\u00e4tzte Lesezeit\" \/>\n\t<meta name=\"twitter:data1\" content=\"5\u00a0Minuten\" \/>\n<script type=\"application\/ld+json\" class=\"yoast-schema-graph\">{\"@context\":\"https:\\\/\\\/schema.org\",\"@graph\":[{\"@type\":\"WebPage\",\"@id\":\"https:\\\/\\\/advokatserina.sk\\\/de\\\/bewertungen\\\/\",\"url\":\"https:\\\/\\\/advokatserina.sk\\\/de\\\/bewertungen\\\/\",\"name\":\"Die Bewertungen - Nem\u010dina\",\"isPartOf\":{\"@id\":\"https:\\\/\\\/advokatserina.sk\\\/de\\\/#website\"},\"datePublished\":\"2022-11-14T18:46:19+00:00\",\"dateModified\":\"2022-11-26T08:20:16+00:00\",\"breadcrumb\":{\"@id\":\"https:\\\/\\\/advokatserina.sk\\\/de\\\/bewertungen\\\/#breadcrumb\"},\"inLanguage\":\"de\",\"potentialAction\":[{\"@type\":\"ReadAction\",\"target\":[\"https:\\\/\\\/advokatserina.sk\\\/de\\\/bewertungen\\\/\"]}]},{\"@type\":\"BreadcrumbList\",\"@id\":\"https:\\\/\\\/advokatserina.sk\\\/de\\\/bewertungen\\\/#breadcrumb\",\"itemListElement\":[{\"@type\":\"ListItem\",\"position\":1,\"name\":\"Domovsk\u00e1 str\u00e1nka\",\"item\":\"https:\\\/\\\/advokatserina.sk\\\/de\\\/peter-serina\\\/\"},{\"@type\":\"ListItem\",\"position\":2,\"name\":\"Die Bewertungen\"}]},{\"@type\":\"WebSite\",\"@id\":\"https:\\\/\\\/advokatserina.sk\\\/de\\\/#website\",\"url\":\"https:\\\/\\\/advokatserina.sk\\\/de\\\/\",\"name\":\"Nem\u010dina\",\"description\":\"Anwalt Peter Serina\",\"potentialAction\":[{\"@type\":\"SearchAction\",\"target\":{\"@type\":\"EntryPoint\",\"urlTemplate\":\"https:\\\/\\\/advokatserina.sk\\\/de\\\/?s={search_term_string}\"},\"query-input\":{\"@type\":\"PropertyValueSpecification\",\"valueRequired\":true,\"valueName\":\"search_term_string\"}}],\"inLanguage\":\"de\"}]}<\/script>\n<!-- \/ Yoast SEO plugin. -->","yoast_head_json":{"title":"Die Bewertungen - Nem\u010dina","robots":{"index":"index","follow":"follow","max-snippet":"max-snippet:-1","max-image-preview":"max-image-preview:large","max-video-preview":"max-video-preview:-1"},"canonical":"https:\/\/advokatserina.sk\/de\/bewertungen\/","og_locale":"de_DE","og_type":"article","og_title":"Die Bewertungen - Nem\u010dina","og_url":"https:\/\/advokatserina.sk\/de\/bewertungen\/","og_site_name":"Nem\u010dina","article_modified_time":"2022-11-26T08:20:16+00:00","twitter_card":"summary_large_image","twitter_misc":{"Gesch\u00e4tzte Lesezeit":"5\u00a0Minuten"},"schema":{"@context":"https:\/\/schema.org","@graph":[{"@type":"WebPage","@id":"https:\/\/advokatserina.sk\/de\/bewertungen\/","url":"https:\/\/advokatserina.sk\/de\/bewertungen\/","name":"Die Bewertungen - Nem\u010dina","isPartOf":{"@id":"https:\/\/advokatserina.sk\/de\/#website"},"datePublished":"2022-11-14T18:46:19+00:00","dateModified":"2022-11-26T08:20:16+00:00","breadcrumb":{"@id":"https:\/\/advokatserina.sk\/de\/bewertungen\/#breadcrumb"},"inLanguage":"de","potentialAction":[{"@type":"ReadAction","target":["https:\/\/advokatserina.sk\/de\/bewertungen\/"]}]},{"@type":"BreadcrumbList","@id":"https:\/\/advokatserina.sk\/de\/bewertungen\/#breadcrumb","itemListElement":[{"@type":"ListItem","position":1,"name":"Domovsk\u00e1 str\u00e1nka","item":"https:\/\/advokatserina.sk\/de\/peter-serina\/"},{"@type":"ListItem","position":2,"name":"Die Bewertungen"}]},{"@type":"WebSite","@id":"https:\/\/advokatserina.sk\/de\/#website","url":"https:\/\/advokatserina.sk\/de\/","name":"Nem\u010dina","description":"Anwalt Peter Serina","potentialAction":[{"@type":"SearchAction","target":{"@type":"EntryPoint","urlTemplate":"https:\/\/advokatserina.sk\/de\/?s={search_term_string}"},"query-input":{"@type":"PropertyValueSpecification","valueRequired":true,"valueName":"search_term_string"}}],"inLanguage":"de"}]}},"_links":{"self":[{"href":"https:\/\/serina.sk\/de\/wp-json\/wp\/v2\/pages\/477","targetHints":{"allow":["GET"]}}],"collection":[{"href":"https:\/\/serina.sk\/de\/wp-json\/wp\/v2\/pages"}],"about":[{"href":"https:\/\/serina.sk\/de\/wp-json\/wp\/v2\/types\/page"}],"author":[{"embeddable":true,"href":"https:\/\/serina.sk\/de\/wp-json\/wp\/v2\/users\/1"}],"replies":[{"embeddable":true,"href":"https:\/\/serina.sk\/de\/wp-json\/wp\/v2\/comments?post=477"}],"version-history":[{"count":8,"href":"https:\/\/serina.sk\/de\/wp-json\/wp\/v2\/pages\/477\/revisions"}],"predecessor-version":[{"id":619,"href":"https:\/\/serina.sk\/de\/wp-json\/wp\/v2\/pages\/477\/revisions\/619"}],"wp:attachment":[{"href":"https:\/\/serina.sk\/de\/wp-json\/wp\/v2\/media?parent=477"}],"curies":[{"name":"wp","href":"https:\/\/api.w.org\/{rel}","templated":true}]}}