{"id":80,"date":"2022-11-08T17:22:02","date_gmt":"2022-11-08T16:22:02","guid":{"rendered":"https:\/\/serina.sk\/de\/?page_id=80"},"modified":"2022-11-22T10:30:52","modified_gmt":"2022-11-22T09:30:52","slug":"umfassende-dienstleistungen-fuer-unternehmer","status":"publish","type":"page","link":"https:\/\/serina.sk\/de\/umfassende-dienstleistungen-fuer-unternehmer\/","title":{"rendered":"Umfassende Dienstleistungen f\u00fcr Unternehmer"},"content":{"rendered":"\n<style type=\"text\/css\" data-created_by=\"avia_inline_auto\" id=\"style-css-av-lah10zh1-9e38751ab9280da4983039bc8d64e51d\">\n.avia-section.av-lah10zh1-9e38751ab9280da4983039bc8d64e51d{\nbackground-repeat:no-repeat;\nbackground-image:url(https:\/\/serina.sk\/de\/wp-content\/uploads\/sites\/8\/2022\/11\/2014-03-12_Peter_Serina_kancelaria_portrety-5-1.jpg);\nbackground-position:50% 50%;\nbackground-attachment:fixed;\n}\n.avia-section.av-lah10zh1-9e38751ab9280da4983039bc8d64e51d .av-section-color-overlay{\nopacity:0.5;\nbackground-color:#000000;\n}\n<\/style>\n<div id='hlavicka'  class='avia-section av-lah10zh1-9e38751ab9280da4983039bc8d64e51d main_color avia-section-default avia-no-border-styling  avia-builder-el-0  el_before_av_section  avia-builder-el-first  avia-full-stretch avia-bg-style-fixed av-section-color-overlay-active av-minimum-height av-minimum-height-custom  container_wrap sidebar_right'  data-section-bg-repeat='stretch' data-av_minimum_height_px='250'><div class=\"av-section-color-overlay-wrap\"><div class=\"av-section-color-overlay\"><\/div><div class='container av-section-cont-open' style='height:250px'><main  role=\"main\" itemprop=\"mainContentOfPage\"  class='template-page content  av-content-small alpha units'><div class='post-entry post-entry-type-page post-entry-80'><div class='entry-content-wrapper clearfix'>\n\n<style type=\"text\/css\" data-created_by=\"avia_inline_auto\" id=\"style-css-av-lah1g4df-51c5753084e292c9098c220cc544da9c\">\n.iconbox.av-lah1g4df-51c5753084e292c9098c220cc544da9c .iconbox_icon{\ncolor:#ceb61a;\n}\n#top #wrap_all .iconbox.av-lah1g4df-51c5753084e292c9098c220cc544da9c .iconbox_content_title{\ncolor:#ffffff;\n}\n<\/style>\n<article  class='iconbox iconbox_top av-lah1g4df-51c5753084e292c9098c220cc544da9c av-no-box  avia-builder-el-1  el_before_av_textblock  avia-builder-el-first '  itemscope=\"itemscope\" itemtype=\"https:\/\/schema.org\/CreativeWork\" ><div class=\"iconbox_content\"><header class=\"entry-content-header\"><div class=\"iconbox_icon heading-color\" aria-hidden='true' data-av_icon='\uf153' data-av_iconfont='fontello'><\/div><h1 class='iconbox_content_title '  itemprop=\"headline\" >Umfassende Dienstleistungen f\u00fcr Unternehmer<\/h1><\/header><div class='iconbox_content_container '  itemprop=\"text\" ><\/div><\/div><footer class=\"entry-footer\"><\/footer><\/article>\n\n<style type=\"text\/css\" data-created_by=\"avia_inline_auto\" id=\"style-css-av-lah18zzq-9965d23f65af4fab71cc1ee1363d562f\">\n#top .av_textblock_section.av-lah18zzq-9965d23f65af4fab71cc1ee1363d562f .avia_textblock{\ncolor:#ffffff;\n}\n<\/style>\n<section  class='av_textblock_section av-lah18zzq-9965d23f65af4fab71cc1ee1363d562f'  itemscope=\"itemscope\" itemtype=\"https:\/\/schema.org\/CreativeWork\" ><div class='avia_textblock av_inherit_color'  itemprop=\"text\" ><p style=\"text-align: center;\"><strong>Wir erbringen Dienstleistungen der elektronischen Kommunikation mit Handelsregister, Finanzamt, Gerichten, Katasterverwaltung. Wir haben den Zugang zur elektronischen Gerichtsakte eingerichtet. F\u00fcr Unternehmen bieten wir die M\u00f6glichkeit, eine virtuelle Zentrale einzurichten.<\/strong><br \/>\n<strong> Wir bieten komplexe Dienstleistungen im Handelsrecht, nicht nur einmalig, sondern auch in Form einer <a href=\"https:\/\/serina.sk\/de\/die-belohnung\/\">langfristigen Zusammenarbeit<\/a>.<\/strong><\/p>\n<\/div><\/section>\n<\/div><\/div><\/main><!-- close content main element --><\/div><\/div><\/div>\n<style type=\"text\/css\" data-created_by=\"avia_inline_auto\" id=\"style-css-av-lah12jrl-4664972f068a6aa447f014b7e641341e\">\n.avia-section.av-lah12jrl-4664972f068a6aa447f014b7e641341e{\nbackground-repeat:no-repeat;\nbackground-image:url(https:\/\/serina.sk\/de\/wp-content\/uploads\/sites\/8\/2022\/11\/2014-03-12_Peter_Serina_kancelaria_portrety-5-1.jpg);\nbackground-position:50% 50%;\nbackground-attachment:fixed;\n}\n.avia-section.av-lah12jrl-4664972f068a6aa447f014b7e641341e .av-section-color-overlay{\nopacity:0.8;\nbackground-color:#ffffff;\n}\n<\/style>\n<div id='av_section_2'  class='avia-section av-lah12jrl-4664972f068a6aa447f014b7e641341e main_color avia-section-default avia-no-border-styling  avia-builder-el-3  el_after_av_section  avia-builder-el-last  avia-full-stretch avia-bg-style-fixed av-section-color-overlay-active av-minimum-height av-minimum-height-custom  container_wrap sidebar_right'  data-section-bg-repeat='stretch' data-av_minimum_height_px='400'><div class=\"av-section-color-overlay-wrap\"><div class=\"av-section-color-overlay\"><\/div><div class='container av-section-cont-open' style='height:400px'><div class='template-page content  av-content-small alpha units'><div class='post-entry post-entry-type-page post-entry-80'><div class='entry-content-wrapper clearfix'>\n<div class='flex_column_table av-voc8-d88e59b3139a3fc5d4167ce668c0a435 sc-av_one_half av-equal-height-column-flextable'>\n<style type=\"text\/css\" data-created_by=\"avia_inline_auto\" id=\"style-css-av-voc8-d88e59b3139a3fc5d4167ce668c0a435\">\n.flex_column.av-voc8-d88e59b3139a3fc5d4167ce668c0a435{\nwidth:49%;\nmargin-left:0;\npadding:30px 30px 30px 30px;\nbackground-color:rgba(255,255,255,0.8);\n}\n#top .flex_column_table.av-equal-height-column-flextable.av-voc8-d88e59b3139a3fc5d4167ce668c0a435 .av-flex-placeholder{\nwidth:2%;\n}\n<\/style>\n<div class='flex_column av-voc8-d88e59b3139a3fc5d4167ce668c0a435 av_one_half  avia-builder-el-4  el_before_av_one_half  avia-builder-el-first  first flex_column_table_cell av-equal-height-column av-align-top '     ><section  class='av_textblock_section av-lah132gf-f57c8fd2266046f0c2d63451a85c9cb4'  itemscope=\"itemscope\" itemtype=\"https:\/\/schema.org\/CreativeWork\" ><div class='avia_textblock'  itemprop=\"text\" ><p><strong>Wir bieten komplexe Dienstleistungen f\u00fcr Unternehmer an, haupts\u00e4chlich in folgenden Bereichen:<\/strong><\/p>\n<ul>\n<li>:: Gr\u00fcndung, \u00c4nderung, Aufhebung von Handelsgesellschaften und Genossenschaften<\/li>\n<li>:: Agenda der Handelsgesellschaften und Genossenschaften<\/li>\n<li>:: \u00dcbertragungen von Gesch\u00e4ftsanteilen und Anteilen<\/li>\n<li>:: Gesch\u00e4ftsvertr\u00e4ge<\/li>\n<li>:: Betriebsordnungen von Handelsgesellschaften und Genossenschaften<\/li>\n<li>:: Eintreibung von Schulden<\/li>\n<li>:: Wertpapierrecht (insbesondere Aktien, Schuldverschreibungen, Wechsel und Schecks)<\/li>\n<li>:: Internationales Handelsrecht<\/li>\n<li>:: Sorgfaltspflicht<\/li>\n<li>:: Au\u00dfergerichtliche Beilegung von Handelsstreitigkeiten durch Mediation<\/li>\n<li>:: Vertretung vor Gericht in Handelssachen<\/li>\n<li>:: Unterst\u00fctzung bei Verhandlungen und Gesch\u00e4ftstreffen von Kunden<\/li>\n<li>:: Ausarbeitung komplexer rechtlicher Analysen<\/li>\n<li>:: Anmeldung im RPVS<\/li>\n<li>:: GDPR und Schutz personenbezogener Daten<\/li>\n<\/ul>\n<p><strong>Wir bieten umfassende Dienstleistungen im Bereich Urheber- und gewerbliche Schutzrechte:<\/strong><\/p>\n<ul>\n<li>:: Gesch\u00e4ftsgeheimnis<\/li>\n<li>:: Urheberrechtsvertr\u00e4ge und Lizenzen<\/li>\n<li>::-Logo<\/li>\n<li>:: Warenzeichen<\/li>\n<li>:: Patente<\/li>\n<li>:: Gebrauchsmuster<\/li>\n<li>:: Entwurf<\/li>\n<li>:: zus\u00e4tzliche Schutzzertifikate<\/li>\n<li>:: Ursprungsbezeichnungen von Produkten und geografische Angaben von Produkten<\/li>\n<li>:: Management von geistigem Eigentum, Schutz vor Missbrauch durch Dritte<\/li>\n<li>:: Vertretung vor dem Amt f\u00fcr gewerbliches Eigentum der Slowakischen Republik<\/li>\n<li>:: Vertretung vor dem EUIPO &#8211; Europ\u00e4isches Amt f\u00fcr geistiges Eigentum<\/li>\n<\/ul>\n<\/div><\/section><\/div><div class='av-flex-placeholder'><\/div>\n<style type=\"text\/css\" data-created_by=\"avia_inline_auto\" id=\"style-css-av-u2s0-54566d6553990280d39aded97e26c2a7\">\n.flex_column.av-u2s0-54566d6553990280d39aded97e26c2a7{\nwidth:49%;\nmargin-left:0;\npadding:30px 30px 30px 30px;\nbackground-color:rgba(255,255,255,0.8);\n}\n#top .flex_column_table.av-equal-height-column-flextable.av-u2s0-54566d6553990280d39aded97e26c2a7 .av-flex-placeholder{\nwidth:2%;\n}\n<\/style>\n<div class='flex_column av-u2s0-54566d6553990280d39aded97e26c2a7 av_one_half  avia-builder-el-6  el_after_av_one_half  avia-builder-el-last  flex_column_table_cell av-equal-height-column av-align-top '     ><p><section  class='av_textblock_section av-lah16opz-99f37854cefd88a883d15f01f833dff8'  itemscope=\"itemscope\" itemtype=\"https:\/\/schema.org\/CreativeWork\" ><div class='avia_textblock'  itemprop=\"text\" ><p><strong>Wir bieten umfassende Dienstleistungen im Arbeitsrecht an, insbesondere:<\/strong><\/p>\n<ul>\n<li>:: Gestaltung von Arbeitsvertr\u00e4gen und Vereinbarungen<\/li>\n<li>:: K\u00fcndigung, fristlose Beendigung des Arbeitsverh\u00e4ltnisses und Vereinbarung \u00fcber die Beendigung des Arbeitsverh\u00e4ltnisses<\/li>\n<li>:: Klagen wegen unwirksamer Beendigung des Arbeitsverh\u00e4ltnisses und daraus resultierende Anspr\u00fcche<\/li>\n<li>:: Schadenersatz im Arbeitsrecht<\/li>\n<li>:: Arbeitnehmerschutz im Arbeitsrecht<\/li>\n<li>:: Ausstellung von Arbeitserlaubnissen f\u00fcr Ausl\u00e4nder<\/li>\n<li>:: Vertretung in allen Arten von Verfahren vor Gerichten und staatlichen Beh\u00f6rden<\/li>\n<li>:: Ausarbeitung komplexer rechtlicher Analysen<\/li>\n<\/ul>\n<p><strong>In Zusammenarbeit mit unserem Partner KPS Poradensk\u00e9 centrum, s.r.o. Wir bieten dir:<\/strong><\/p>\n<ul>\n<li>:: Entwicklung von Gesch\u00e4ftspl\u00e4nen<\/li>\n<li>:: Finanzanalyse des Unternehmens<\/li>\n<li>:: Unternehmensberatung<\/li>\n<li>:: Versicherung<\/li>\n<li>:: Buchhaltung<\/li>\n<li>:: Gutachten im Bereich Wirtschaftswissenschaften, Fachrichtung Rechnungswesen und Steuern<\/li>\n<\/ul>\n<\/div><\/section><br \/>\n<div  class='avia-builder-widget-area clearfix  avia-builder-el-8  el_after_av_textblock  avia-builder-el-last '><div id=\"text-4\" class=\"widget clearfix widget_text\">\t\t\t<div class=\"textwidget\"><div  class='avia-button-wrap av-av_button-ec81808e5b2b36936ddf45af66c0ebb4-wrap avia-button-left ' ><a href='https:\/\/serina.sk\/de\/kontakt\/'  class='avia-button av-av_button-ec81808e5b2b36936ddf45af66c0ebb4 avia-icon_select-yes-right-icon avia-size-medium avia-position-left avia-color-theme-color' ><span class='avia_iconbox_title' >M\u00e1m z\u00e1ujem o Va\u0161e slu\u017eby<\/span><span class='avia_button_icon avia_button_icon_right' aria-hidden='true' data-av_icon='\ue879' data-av_iconfont='entypo-fontello'><\/span><\/a><\/div>\n\n<div  class='avia-button-wrap av-av_button-edef9732b6e8a5f0dd1b5d95310afb2f-wrap avia-button-left ' ><a href='https:\/\/serina.sk\/de\/odmena\/#sluzba'  class='avia-button av-av_button-edef9732b6e8a5f0dd1b5d95310afb2f avia-icon_select-yes-right-icon avia-size-medium avia-position-left avia-color-theme-color' ><span class='avia_iconbox_title' >M\u00e1m z\u00e1ujem o bal\u00edk predplaten\u00e9ho \u010dasu<\/span><span class='avia_button_icon avia_button_icon_right' aria-hidden='true' data-av_icon='\ue879' data-av_iconfont='entypo-fontello'><\/span><\/a><\/div>\n<\/div>\n\t\t<\/div><\/div><\/p><\/div><\/div><!--close column table wrapper. Autoclose: 1 --><\/div><\/div><\/div><!-- close content main div --><\/div><\/div><\/div><div id='after_section_2'  class='main_color av_default_container_wrap container_wrap sidebar_right'  ><div class='container av-section-cont-open' ><div class='template-page content  av-content-small alpha units'><div class='post-entry post-entry-type-page post-entry-80'><div class='entry-content-wrapper clearfix'><\/p>\n","protected":false},"excerpt":{"rendered":"","protected":false},"author":1,"featured_media":0,"parent":0,"menu_order":0,"comment_status":"closed","ping_status":"closed","template":"","meta":{"om_disable_all_campaigns":false,"_monsterinsights_skip_tracking":false,"_monsterinsights_sitenote_active":false,"_monsterinsights_sitenote_note":"","_monsterinsights_sitenote_category":0,"footnotes":""},"class_list":["post-80","page","type-page","status-publish","hentry"],"aioseo_notices":[],"yoast_head":"<!-- This site is optimized with the Yoast SEO plugin v27.6 - https:\/\/yoast.com\/product\/yoast-seo-wordpress\/ -->\n<title>Umfassende Dienstleistungen f\u00fcr Unternehmer - Nem\u010dina<\/title>\n<meta name=\"robots\" content=\"index, follow, max-snippet:-1, max-image-preview:large, max-video-preview:-1\" \/>\n<link rel=\"canonical\" href=\"https:\/\/advokatserina.sk\/de\/umfassende-dienstleistungen-fuer-unternehmer\/\" \/>\n<meta property=\"og:locale\" content=\"de_DE\" \/>\n<meta property=\"og:type\" content=\"article\" \/>\n<meta property=\"og:title\" content=\"Umfassende Dienstleistungen f\u00fcr Unternehmer - Nem\u010dina\" \/>\n<meta property=\"og:url\" content=\"https:\/\/advokatserina.sk\/de\/umfassende-dienstleistungen-fuer-unternehmer\/\" \/>\n<meta property=\"og:site_name\" content=\"Nem\u010dina\" \/>\n<meta property=\"article:modified_time\" content=\"2022-11-22T09:30:52+00:00\" \/>\n<meta name=\"twitter:card\" content=\"summary_large_image\" \/>\n<meta name=\"twitter:label1\" content=\"Gesch\u00e4tzte Lesezeit\" \/>\n\t<meta name=\"twitter:data1\" content=\"5\u00a0Minuten\" \/>\n<script type=\"application\/ld+json\" class=\"yoast-schema-graph\">{\"@context\":\"https:\\\/\\\/schema.org\",\"@graph\":[{\"@type\":\"WebPage\",\"@id\":\"https:\\\/\\\/advokatserina.sk\\\/de\\\/umfassende-dienstleistungen-fuer-unternehmer\\\/\",\"url\":\"https:\\\/\\\/advokatserina.sk\\\/de\\\/umfassende-dienstleistungen-fuer-unternehmer\\\/\",\"name\":\"Umfassende Dienstleistungen f\u00fcr Unternehmer - Nem\u010dina\",\"isPartOf\":{\"@id\":\"https:\\\/\\\/advokatserina.sk\\\/de\\\/#website\"},\"datePublished\":\"2022-11-08T16:22:02+00:00\",\"dateModified\":\"2022-11-22T09:30:52+00:00\",\"breadcrumb\":{\"@id\":\"https:\\\/\\\/advokatserina.sk\\\/de\\\/umfassende-dienstleistungen-fuer-unternehmer\\\/#breadcrumb\"},\"inLanguage\":\"de\",\"potentialAction\":[{\"@type\":\"ReadAction\",\"target\":[\"https:\\\/\\\/advokatserina.sk\\\/de\\\/umfassende-dienstleistungen-fuer-unternehmer\\\/\"]}]},{\"@type\":\"BreadcrumbList\",\"@id\":\"https:\\\/\\\/advokatserina.sk\\\/de\\\/umfassende-dienstleistungen-fuer-unternehmer\\\/#breadcrumb\",\"itemListElement\":[{\"@type\":\"ListItem\",\"position\":1,\"name\":\"Domovsk\u00e1 str\u00e1nka\",\"item\":\"https:\\\/\\\/advokatserina.sk\\\/de\\\/peter-serina\\\/\"},{\"@type\":\"ListItem\",\"position\":2,\"name\":\"Umfassende Dienstleistungen f\u00fcr Unternehmer\"}]},{\"@type\":\"WebSite\",\"@id\":\"https:\\\/\\\/advokatserina.sk\\\/de\\\/#website\",\"url\":\"https:\\\/\\\/advokatserina.sk\\\/de\\\/\",\"name\":\"Nem\u010dina\",\"description\":\"Anwalt Peter Serina\",\"potentialAction\":[{\"@type\":\"SearchAction\",\"target\":{\"@type\":\"EntryPoint\",\"urlTemplate\":\"https:\\\/\\\/advokatserina.sk\\\/de\\\/?s={search_term_string}\"},\"query-input\":{\"@type\":\"PropertyValueSpecification\",\"valueRequired\":true,\"valueName\":\"search_term_string\"}}],\"inLanguage\":\"de\"}]}<\/script>\n<!-- \/ Yoast SEO plugin. -->","yoast_head_json":{"title":"Umfassende Dienstleistungen f\u00fcr Unternehmer - Nem\u010dina","robots":{"index":"index","follow":"follow","max-snippet":"max-snippet:-1","max-image-preview":"max-image-preview:large","max-video-preview":"max-video-preview:-1"},"canonical":"https:\/\/advokatserina.sk\/de\/umfassende-dienstleistungen-fuer-unternehmer\/","og_locale":"de_DE","og_type":"article","og_title":"Umfassende Dienstleistungen f\u00fcr Unternehmer - Nem\u010dina","og_url":"https:\/\/advokatserina.sk\/de\/umfassende-dienstleistungen-fuer-unternehmer\/","og_site_name":"Nem\u010dina","article_modified_time":"2022-11-22T09:30:52+00:00","twitter_card":"summary_large_image","twitter_misc":{"Gesch\u00e4tzte Lesezeit":"5\u00a0Minuten"},"schema":{"@context":"https:\/\/schema.org","@graph":[{"@type":"WebPage","@id":"https:\/\/advokatserina.sk\/de\/umfassende-dienstleistungen-fuer-unternehmer\/","url":"https:\/\/advokatserina.sk\/de\/umfassende-dienstleistungen-fuer-unternehmer\/","name":"Umfassende Dienstleistungen f\u00fcr Unternehmer - Nem\u010dina","isPartOf":{"@id":"https:\/\/advokatserina.sk\/de\/#website"},"datePublished":"2022-11-08T16:22:02+00:00","dateModified":"2022-11-22T09:30:52+00:00","breadcrumb":{"@id":"https:\/\/advokatserina.sk\/de\/umfassende-dienstleistungen-fuer-unternehmer\/#breadcrumb"},"inLanguage":"de","potentialAction":[{"@type":"ReadAction","target":["https:\/\/advokatserina.sk\/de\/umfassende-dienstleistungen-fuer-unternehmer\/"]}]},{"@type":"BreadcrumbList","@id":"https:\/\/advokatserina.sk\/de\/umfassende-dienstleistungen-fuer-unternehmer\/#breadcrumb","itemListElement":[{"@type":"ListItem","position":1,"name":"Domovsk\u00e1 str\u00e1nka","item":"https:\/\/advokatserina.sk\/de\/peter-serina\/"},{"@type":"ListItem","position":2,"name":"Umfassende Dienstleistungen f\u00fcr Unternehmer"}]},{"@type":"WebSite","@id":"https:\/\/advokatserina.sk\/de\/#website","url":"https:\/\/advokatserina.sk\/de\/","name":"Nem\u010dina","description":"Anwalt Peter Serina","potentialAction":[{"@type":"SearchAction","target":{"@type":"EntryPoint","urlTemplate":"https:\/\/advokatserina.sk\/de\/?s={search_term_string}"},"query-input":{"@type":"PropertyValueSpecification","valueRequired":true,"valueName":"search_term_string"}}],"inLanguage":"de"}]}},"_links":{"self":[{"href":"https:\/\/serina.sk\/de\/wp-json\/wp\/v2\/pages\/80","targetHints":{"allow":["GET"]}}],"collection":[{"href":"https:\/\/serina.sk\/de\/wp-json\/wp\/v2\/pages"}],"about":[{"href":"https:\/\/serina.sk\/de\/wp-json\/wp\/v2\/types\/page"}],"author":[{"embeddable":true,"href":"https:\/\/serina.sk\/de\/wp-json\/wp\/v2\/users\/1"}],"replies":[{"embeddable":true,"href":"https:\/\/serina.sk\/de\/wp-json\/wp\/v2\/comments?post=80"}],"version-history":[{"count":18,"href":"https:\/\/serina.sk\/de\/wp-json\/wp\/v2\/pages\/80\/revisions"}],"predecessor-version":[{"id":436,"href":"https:\/\/serina.sk\/de\/wp-json\/wp\/v2\/pages\/80\/revisions\/436"}],"wp:attachment":[{"href":"https:\/\/serina.sk\/de\/wp-json\/wp\/v2\/media?parent=80"}],"curies":[{"name":"wp","href":"https:\/\/api.w.org\/{rel}","templated":true}]}}