{"id":82,"date":"2022-11-08T17:22:16","date_gmt":"2022-11-08T16:22:16","guid":{"rendered":"https:\/\/serina.sk\/de\/?page_id=82"},"modified":"2022-11-22T10:32:37","modified_gmt":"2022-11-22T09:32:37","slug":"inkasso-von-forderungen-schulden","status":"publish","type":"page","link":"https:\/\/serina.sk\/de\/inkasso-von-forderungen-schulden\/","title":{"rendered":"Inkasso von Forderungen\/Schulden"},"content":{"rendered":"\n<style type=\"text\/css\" data-created_by=\"avia_inline_auto\" id=\"style-css-av-5bzsi-0b2562712c06edc1c76221dace170eaf\">\n.avia-section.av-5bzsi-0b2562712c06edc1c76221dace170eaf{\nbackground-repeat:no-repeat;\nbackground-image:url(https:\/\/serina.sk\/de\/wp-content\/uploads\/sites\/8\/2022\/11\/2014-03-12_Peter_Serina_kancelaria_portrety-5-1.jpg);\nbackground-position:50% 50%;\nbackground-attachment:fixed;\n}\n.avia-section.av-5bzsi-0b2562712c06edc1c76221dace170eaf .av-section-color-overlay{\nopacity:0.5;\nbackground-color:#000000;\n}\n<\/style>\n<div id='hlavicka'  class='avia-section av-5bzsi-0b2562712c06edc1c76221dace170eaf main_color avia-section-default avia-no-border-styling  avia-builder-el-0  el_before_av_section  avia-builder-el-first  avia-full-stretch avia-bg-style-fixed av-section-color-overlay-active av-minimum-height av-minimum-height-custom  container_wrap sidebar_right'  data-section-bg-repeat='stretch' data-av_minimum_height_px='250'><div class=\"av-section-color-overlay-wrap\"><div class=\"av-section-color-overlay\"><\/div><div class='container av-section-cont-open' style='height:250px'><main  role=\"main\" itemprop=\"mainContentOfPage\"  class='template-page content  av-content-small alpha units'><div class='post-entry post-entry-type-page post-entry-82'><div class='entry-content-wrapper clearfix'>\n\n<style type=\"text\/css\" data-created_by=\"avia_inline_auto\" id=\"style-css-av-4mymu-24277e608cf6127ab47b5e01626a894e\">\n.iconbox.av-4mymu-24277e608cf6127ab47b5e01626a894e .iconbox_icon{\ncolor:#ceb61a;\n}\n#top #wrap_all .iconbox.av-4mymu-24277e608cf6127ab47b5e01626a894e .iconbox_content_title{\ncolor:#ffffff;\n}\n<\/style>\n<article  class='iconbox iconbox_top av-4mymu-24277e608cf6127ab47b5e01626a894e av-no-box  avia-builder-el-1  el_before_av_textblock  avia-builder-el-first '  itemscope=\"itemscope\" itemtype=\"https:\/\/schema.org\/CreativeWork\" ><div class=\"iconbox_content\"><header class=\"entry-content-header\"><div class=\"iconbox_icon heading-color\" aria-hidden='true' data-av_icon='\uf0d6' data-av_iconfont='fontello'><\/div><h1 class='iconbox_content_title '  itemprop=\"headline\" >Inkasso von Forderungen\/Schulden<\/h1><\/header><div class='iconbox_content_container '  itemprop=\"text\" ><\/div><\/div><footer class=\"entry-footer\"><\/footer><\/article>\n\n<style type=\"text\/css\" data-created_by=\"avia_inline_auto\" id=\"style-css-av-lah3z0fl-fda40af11c0f08ecaeb8675b8a96ce20\">\n#top .av_textblock_section.av-lah3z0fl-fda40af11c0f08ecaeb8675b8a96ce20 .avia_textblock{\ncolor:#ffffff;\n}\n<\/style>\n<section  class='av_textblock_section av-lah3z0fl-fda40af11c0f08ecaeb8675b8a96ce20'  itemscope=\"itemscope\" itemtype=\"https:\/\/schema.org\/CreativeWork\" ><div class='avia_textblock av_inherit_color'  itemprop=\"text\" ><p style=\"text-align: center;\"><strong>Wir bieten umfassende Dienstleistungen im Bereich Forderungsmanagement und Inkasso,<\/strong><br \/>\n<strong> Und das nicht nur einmalig, sondern auch in Form von <a href=\"https:\/\/serina.sk\/de\/die-belohnung\/\">langfristigen Kooperationen<\/a>. Dies sind vor allem folgende Bereiche:<\/strong><\/p>\n<\/div><\/section>\n<\/div><\/div><\/main><!-- close content main element --><\/div><\/div><\/div>\n<style type=\"text\/css\" data-created_by=\"avia_inline_auto\" id=\"style-css-av-44y96-e54c1d6823b71ea8ce740d52d1105947\">\n.avia-section.av-44y96-e54c1d6823b71ea8ce740d52d1105947{\nbackground-repeat:no-repeat;\nbackground-image:url(https:\/\/serina.sk\/de\/wp-content\/uploads\/sites\/8\/2022\/11\/2014-03-12_Peter_Serina_kancelaria_portrety-5-1.jpg);\nbackground-position:50% 50%;\nbackground-attachment:fixed;\n}\n.avia-section.av-44y96-e54c1d6823b71ea8ce740d52d1105947 .av-section-color-overlay{\nopacity:0.8;\nbackground-color:#ffffff;\n}\n<\/style>\n<div id='av_section_2'  class='avia-section av-44y96-e54c1d6823b71ea8ce740d52d1105947 main_color avia-section-default avia-no-border-styling  avia-builder-el-3  el_after_av_section  avia-builder-el-last  avia-full-stretch avia-bg-style-fixed av-section-color-overlay-active av-minimum-height av-minimum-height-custom  container_wrap sidebar_right'  data-section-bg-repeat='stretch' data-av_minimum_height_px='400'><div class=\"av-section-color-overlay-wrap\"><div class=\"av-section-color-overlay\"><\/div><div class='container av-section-cont-open' style='height:400px'><div class='template-page content  av-content-small alpha units'><div class='post-entry post-entry-type-page post-entry-82'><div class='entry-content-wrapper clearfix'>\n<div class='flex_column_table av-34p5u-a39d0aeb376cd24a4e39d1ff280a9263 sc-av_one_half av-equal-height-column-flextable'>\n<style type=\"text\/css\" data-created_by=\"avia_inline_auto\" id=\"style-css-av-34p5u-a39d0aeb376cd24a4e39d1ff280a9263\">\n.flex_column.av-34p5u-a39d0aeb376cd24a4e39d1ff280a9263{\nwidth:49%;\nmargin-left:0;\npadding:30px 30px 30px 30px;\nbackground-color:rgba(255,255,255,0.8);\n}\n#top .flex_column_table.av-equal-height-column-flextable.av-34p5u-a39d0aeb376cd24a4e39d1ff280a9263 .av-flex-placeholder{\nwidth:2%;\n}\n<\/style>\n<div class='flex_column av-34p5u-a39d0aeb376cd24a4e39d1ff280a9263 av_one_half  avia-builder-el-4  el_before_av_one_half  avia-builder-el-first  first flex_column_table_cell av-equal-height-column av-align-top '     ><section  class='av_textblock_section av-5mri-f64ea2521628cf01f3ca04c1b3b59027'  itemscope=\"itemscope\" itemtype=\"https:\/\/schema.org\/CreativeWork\" ><div class='avia_textblock'  itemprop=\"text\" ><ul>\n<li>:: Eintreibung von Schulden<\/li>\n<li>:: Forderungsmanagement<\/li>\n<li>:: Sicherung von Rechtsgesch\u00e4ften \u2013 Pfandrecht, Schuldschein, Sicherung von Rechts\u00fcbertragungen, Schuldanerkenntnissen und anderen<\/li>\n<\/ul>\n<\/div><\/section><\/div><div class='av-flex-placeholder'><\/div>\n<style type=\"text\/css\" data-created_by=\"avia_inline_auto\" id=\"style-css-av-6xda-a5d52a371bad1624d744a0f7d303872f\">\n.flex_column.av-6xda-a5d52a371bad1624d744a0f7d303872f{\nwidth:49%;\nmargin-left:0;\npadding:30px 30px 30px 30px;\nbackground-color:rgba(255,255,255,0.8);\n}\n#top .flex_column_table.av-equal-height-column-flextable.av-6xda-a5d52a371bad1624d744a0f7d303872f .av-flex-placeholder{\nwidth:2%;\n}\n<\/style>\n<div class='flex_column av-6xda-a5d52a371bad1624d744a0f7d303872f av_one_half  avia-builder-el-6  el_after_av_one_half  avia-builder-el-last  flex_column_table_cell av-equal-height-column av-align-top '     ><section  class='av_textblock_section av-lah3zdiv-5821bb6c145a2a81a117316d7cdcd0f5'  itemscope=\"itemscope\" itemtype=\"https:\/\/schema.org\/CreativeWork\" ><div class='avia_textblock'  itemprop=\"text\" ><ul>\n<li>:: Analyse des Forderungsmanagements inkl. \u00c4nderungsvorschl\u00e4ge<\/li>\n<\/ul>\n<\/div><\/section><br \/>\n<div  class='avia-builder-widget-area clearfix  avia-builder-el-8  el_after_av_textblock  avia-builder-el-last '><div id=\"text-4\" class=\"widget clearfix widget_text\">\t\t\t<div class=\"textwidget\"><div  class='avia-button-wrap av-av_button-ec81808e5b2b36936ddf45af66c0ebb4-wrap avia-button-left ' ><a href='https:\/\/serina.sk\/de\/kontakt\/'  class='avia-button av-av_button-ec81808e5b2b36936ddf45af66c0ebb4 avia-icon_select-yes-right-icon avia-size-medium avia-position-left avia-color-theme-color' ><span class='avia_iconbox_title' >M\u00e1m z\u00e1ujem o Va\u0161e slu\u017eby<\/span><span class='avia_button_icon avia_button_icon_right' aria-hidden='true' data-av_icon='\ue879' data-av_iconfont='entypo-fontello'><\/span><\/a><\/div>\n\n<div  class='avia-button-wrap av-av_button-edef9732b6e8a5f0dd1b5d95310afb2f-wrap avia-button-left ' ><a href='https:\/\/serina.sk\/de\/odmena\/#sluzba'  class='avia-button av-av_button-edef9732b6e8a5f0dd1b5d95310afb2f avia-icon_select-yes-right-icon avia-size-medium avia-position-left avia-color-theme-color' ><span class='avia_iconbox_title' >M\u00e1m z\u00e1ujem o bal\u00edk predplaten\u00e9ho \u010dasu<\/span><span class='avia_button_icon avia_button_icon_right' aria-hidden='true' data-av_icon='\ue879' data-av_iconfont='entypo-fontello'><\/span><\/a><\/div>\n<\/div>\n\t\t<\/div><\/div><\/p><\/div><\/div><!--close column table wrapper. Autoclose: 1 --><\/div><\/div><\/div><!-- close content main div --><\/div><\/div><\/div><div id='after_section_2'  class='main_color av_default_container_wrap container_wrap sidebar_right'  ><div class='container av-section-cont-open' ><div class='template-page content  av-content-small alpha units'><div class='post-entry post-entry-type-page post-entry-82'><div class='entry-content-wrapper clearfix'><\/p>\n","protected":false},"excerpt":{"rendered":"","protected":false},"author":1,"featured_media":0,"parent":0,"menu_order":0,"comment_status":"closed","ping_status":"closed","template":"","meta":{"om_disable_all_campaigns":false,"_monsterinsights_skip_tracking":false,"_monsterinsights_sitenote_active":false,"_monsterinsights_sitenote_note":"","_monsterinsights_sitenote_category":0,"footnotes":""},"class_list":["post-82","page","type-page","status-publish","hentry"],"aioseo_notices":[],"yoast_head":"<!-- This site is optimized with the Yoast SEO plugin v27.5 - https:\/\/yoast.com\/product\/yoast-seo-wordpress\/ -->\n<title>Inkasso von Forderungen\/Schulden - Nem\u010dina<\/title>\n<meta name=\"robots\" content=\"index, follow, max-snippet:-1, max-image-preview:large, max-video-preview:-1\" \/>\n<link rel=\"canonical\" href=\"https:\/\/advokatserina.sk\/de\/inkasso-von-forderungen-schulden\/\" \/>\n<meta property=\"og:locale\" content=\"de_DE\" \/>\n<meta property=\"og:type\" content=\"article\" \/>\n<meta property=\"og:title\" content=\"Inkasso von Forderungen\/Schulden - Nem\u010dina\" \/>\n<meta property=\"og:url\" content=\"https:\/\/advokatserina.sk\/de\/inkasso-von-forderungen-schulden\/\" \/>\n<meta property=\"og:site_name\" content=\"Nem\u010dina\" \/>\n<meta property=\"article:modified_time\" content=\"2022-11-22T09:32:37+00:00\" \/>\n<meta name=\"twitter:card\" content=\"summary_large_image\" \/>\n<meta name=\"twitter:label1\" content=\"Gesch\u00e4tzte Lesezeit\" \/>\n\t<meta name=\"twitter:data1\" content=\"3\u00a0Minuten\" \/>\n<script type=\"application\/ld+json\" class=\"yoast-schema-graph\">{\"@context\":\"https:\\\/\\\/schema.org\",\"@graph\":[{\"@type\":\"WebPage\",\"@id\":\"https:\\\/\\\/advokatserina.sk\\\/de\\\/inkasso-von-forderungen-schulden\\\/\",\"url\":\"https:\\\/\\\/advokatserina.sk\\\/de\\\/inkasso-von-forderungen-schulden\\\/\",\"name\":\"Inkasso von Forderungen\\\/Schulden - Nem\u010dina\",\"isPartOf\":{\"@id\":\"https:\\\/\\\/advokatserina.sk\\\/de\\\/#website\"},\"datePublished\":\"2022-11-08T16:22:16+00:00\",\"dateModified\":\"2022-11-22T09:32:37+00:00\",\"breadcrumb\":{\"@id\":\"https:\\\/\\\/advokatserina.sk\\\/de\\\/inkasso-von-forderungen-schulden\\\/#breadcrumb\"},\"inLanguage\":\"de\",\"potentialAction\":[{\"@type\":\"ReadAction\",\"target\":[\"https:\\\/\\\/advokatserina.sk\\\/de\\\/inkasso-von-forderungen-schulden\\\/\"]}]},{\"@type\":\"BreadcrumbList\",\"@id\":\"https:\\\/\\\/advokatserina.sk\\\/de\\\/inkasso-von-forderungen-schulden\\\/#breadcrumb\",\"itemListElement\":[{\"@type\":\"ListItem\",\"position\":1,\"name\":\"Domovsk\u00e1 str\u00e1nka\",\"item\":\"https:\\\/\\\/advokatserina.sk\\\/de\\\/peter-serina\\\/\"},{\"@type\":\"ListItem\",\"position\":2,\"name\":\"Inkasso von Forderungen\\\/Schulden\"}]},{\"@type\":\"WebSite\",\"@id\":\"https:\\\/\\\/advokatserina.sk\\\/de\\\/#website\",\"url\":\"https:\\\/\\\/advokatserina.sk\\\/de\\\/\",\"name\":\"Nem\u010dina\",\"description\":\"Anwalt Peter Serina\",\"potentialAction\":[{\"@type\":\"SearchAction\",\"target\":{\"@type\":\"EntryPoint\",\"urlTemplate\":\"https:\\\/\\\/advokatserina.sk\\\/de\\\/?s={search_term_string}\"},\"query-input\":{\"@type\":\"PropertyValueSpecification\",\"valueRequired\":true,\"valueName\":\"search_term_string\"}}],\"inLanguage\":\"de\"}]}<\/script>\n<!-- \/ Yoast SEO plugin. -->","yoast_head_json":{"title":"Inkasso von Forderungen\/Schulden - Nem\u010dina","robots":{"index":"index","follow":"follow","max-snippet":"max-snippet:-1","max-image-preview":"max-image-preview:large","max-video-preview":"max-video-preview:-1"},"canonical":"https:\/\/advokatserina.sk\/de\/inkasso-von-forderungen-schulden\/","og_locale":"de_DE","og_type":"article","og_title":"Inkasso von Forderungen\/Schulden - Nem\u010dina","og_url":"https:\/\/advokatserina.sk\/de\/inkasso-von-forderungen-schulden\/","og_site_name":"Nem\u010dina","article_modified_time":"2022-11-22T09:32:37+00:00","twitter_card":"summary_large_image","twitter_misc":{"Gesch\u00e4tzte Lesezeit":"3\u00a0Minuten"},"schema":{"@context":"https:\/\/schema.org","@graph":[{"@type":"WebPage","@id":"https:\/\/advokatserina.sk\/de\/inkasso-von-forderungen-schulden\/","url":"https:\/\/advokatserina.sk\/de\/inkasso-von-forderungen-schulden\/","name":"Inkasso von Forderungen\/Schulden - Nem\u010dina","isPartOf":{"@id":"https:\/\/advokatserina.sk\/de\/#website"},"datePublished":"2022-11-08T16:22:16+00:00","dateModified":"2022-11-22T09:32:37+00:00","breadcrumb":{"@id":"https:\/\/advokatserina.sk\/de\/inkasso-von-forderungen-schulden\/#breadcrumb"},"inLanguage":"de","potentialAction":[{"@type":"ReadAction","target":["https:\/\/advokatserina.sk\/de\/inkasso-von-forderungen-schulden\/"]}]},{"@type":"BreadcrumbList","@id":"https:\/\/advokatserina.sk\/de\/inkasso-von-forderungen-schulden\/#breadcrumb","itemListElement":[{"@type":"ListItem","position":1,"name":"Domovsk\u00e1 str\u00e1nka","item":"https:\/\/advokatserina.sk\/de\/peter-serina\/"},{"@type":"ListItem","position":2,"name":"Inkasso von Forderungen\/Schulden"}]},{"@type":"WebSite","@id":"https:\/\/advokatserina.sk\/de\/#website","url":"https:\/\/advokatserina.sk\/de\/","name":"Nem\u010dina","description":"Anwalt Peter Serina","potentialAction":[{"@type":"SearchAction","target":{"@type":"EntryPoint","urlTemplate":"https:\/\/advokatserina.sk\/de\/?s={search_term_string}"},"query-input":{"@type":"PropertyValueSpecification","valueRequired":true,"valueName":"search_term_string"}}],"inLanguage":"de"}]}},"_links":{"self":[{"href":"https:\/\/serina.sk\/de\/wp-json\/wp\/v2\/pages\/82","targetHints":{"allow":["GET"]}}],"collection":[{"href":"https:\/\/serina.sk\/de\/wp-json\/wp\/v2\/pages"}],"about":[{"href":"https:\/\/serina.sk\/de\/wp-json\/wp\/v2\/types\/page"}],"author":[{"embeddable":true,"href":"https:\/\/serina.sk\/de\/wp-json\/wp\/v2\/users\/1"}],"replies":[{"embeddable":true,"href":"https:\/\/serina.sk\/de\/wp-json\/wp\/v2\/comments?post=82"}],"version-history":[{"count":6,"href":"https:\/\/serina.sk\/de\/wp-json\/wp\/v2\/pages\/82\/revisions"}],"predecessor-version":[{"id":446,"href":"https:\/\/serina.sk\/de\/wp-json\/wp\/v2\/pages\/82\/revisions\/446"}],"wp:attachment":[{"href":"https:\/\/serina.sk\/de\/wp-json\/wp\/v2\/media?parent=82"}],"curies":[{"name":"wp","href":"https:\/\/api.w.org\/{rel}","templated":true}]}}