{"id":111,"date":"2022-11-08T17:27:27","date_gmt":"2022-11-08T16:27:27","guid":{"rendered":"https:\/\/serina.sk\/en\/?page_id=111"},"modified":"2023-01-14T18:55:26","modified_gmt":"2023-01-14T17:55:26","slug":"podcast","status":"publish","type":"page","link":"https:\/\/serina.sk\/en\/podcast\/","title":{"rendered":"Podcast &#8211; pravEK"},"content":{"rendered":"\n<style type=\"text\/css\" data-created_by=\"avia_inline_auto\" id=\"style-css-av-86jhb-2189d4e7f33a2d61b64c84926f0fd4a7\">\n.avia-section.av-86jhb-2189d4e7f33a2d61b64c84926f0fd4a7{\nbackground-repeat:no-repeat;\nbackground-image:url(https:\/\/serina.sk\/en\/wp-content\/uploads\/sites\/7\/2022\/11\/2014-03-12_Peter_Serina_kancelaria_portrety-12.jpg);\nbackground-position:50% 50%;\nbackground-attachment:fixed;\n}\n.avia-section.av-86jhb-2189d4e7f33a2d61b64c84926f0fd4a7 .av-section-color-overlay{\nopacity:0.5;\nbackground-color:#000000;\n}\n<\/style>\n<div id='av_section_1'  class='avia-section av-86jhb-2189d4e7f33a2d61b64c84926f0fd4a7 main_color avia-section-default avia-no-border-styling  avia-builder-el-0  el_before_av_section  avia-builder-el-first  avia-bg-style-fixed av-section-color-overlay-active av-minimum-height av-minimum-height-custom  container_wrap sidebar_right'  data-section-bg-repeat='no-repeat' data-av_minimum_height_px='350'><div class=\"av-section-color-overlay-wrap\"><div class=\"av-section-color-overlay\"><\/div><div class='container av-section-cont-open' style='height:350px'><main  role=\"main\" itemprop=\"mainContentOfPage\"  class='template-page content  av-content-small alpha units'><div class='post-entry post-entry-type-page post-entry-111'><div class='entry-content-wrapper clearfix'>\n\n<style type=\"text\/css\" data-created_by=\"avia_inline_auto\" id=\"style-css-av-lagzegq0-928c22f3f3472985353a0f44fcc28436\">\n#top .av-special-heading.av-lagzegq0-928c22f3f3472985353a0f44fcc28436{\npadding-bottom:10px;\ncolor:#ffffff;\n}\nbody .av-special-heading.av-lagzegq0-928c22f3f3472985353a0f44fcc28436 .av-special-heading-tag .heading-char{\nfont-size:25px;\n}\n.av-special-heading.av-lagzegq0-928c22f3f3472985353a0f44fcc28436 .special-heading-inner-border{\nborder-color:#ffffff;\n}\n.av-special-heading.av-lagzegq0-928c22f3f3472985353a0f44fcc28436 .av-subheading{\nfont-size:15px;\n}\n<\/style>\n<div  class='av-special-heading av-lagzegq0-928c22f3f3472985353a0f44fcc28436 av-special-heading-h1 custom-color-heading blockquote modern-quote modern-centered  avia-builder-el-1  el_before_av_textblock  avia-builder-el-first '><h1 class='av-special-heading-tag'  itemprop=\"headline\"  >Podcast &#8211; pravEK<\/h1><div class=\"special-heading-border\"><div class=\"special-heading-inner-border\"><\/div><\/div><\/div>\n\n<style type=\"text\/css\" data-created_by=\"avia_inline_auto\" id=\"style-css-av-lagzhx3w-f84692898f5aaab1d08d530b8ba5ad8b\">\n#top .av_textblock_section.av-lagzhx3w-f84692898f5aaab1d08d530b8ba5ad8b .avia_textblock{\ncolor:#ffffff;\n}\n<\/style>\n<section  class='av_textblock_section av-lagzhx3w-f84692898f5aaab1d08d530b8ba5ad8b'  itemscope=\"itemscope\" itemtype=\"https:\/\/schema.org\/CreativeWork\" ><div class='avia_textblock av_inherit_color'  itemprop=\"text\" ><p style=\"text-align: center;\">Spolo\u010denstvo poznania Podcast, o.z. about law and economics for youth and adults.<\/p>\n<p style=\"text-align: center;\">Spolo\u010denstvo poznania, o.z. was founded in 2008. Our principles are honesty, humanity, service to society and tolerance. Our goal is to support and develop civil society, as well as educate children, youth and adults in financial and legal fields, human rights and freedoms, and democracy. Peter Serina and Katar\u00edna Serinov\u00e1 are behind the association Spolo\u010denstvo poznania, o.z.<\/p>\n<p style=\"text-align: center;\"><em>The language of the podcast is Slovak.<\/em><\/p>\n<\/div><\/section>\n<div  class='avia-builder-widget-area clearfix  avia-builder-el-3  el_after_av_textblock  avia-builder-el-last '><div id=\"zoom-social-icons-widget-3\" class=\"widget clearfix zoom-social-icons-widget\">\n\t\t\n<ul class=\"zoom-social-icons-list zoom-social-icons-list--with-canvas zoom-social-icons-list--round zoom-social-icons-list--align-center zoom-social-icons-list--no-labels\">\n\n\t\t\n\t\t\t\t<li class=\"zoom-social_icons-list__item\">\n\t\t<a class=\"zoom-social_icons-list__link\" href=\"https:\/\/podcasts.apple.com\/sk\/podcast\/pravek-podcast-o-pr%C3%A1ve-a-ekon%C3%B3mii\/id1570175288\" target=\"_blank\" title=\"\" rel=\"noopener\">\n\t\t\t\t\t\t\t\t\t\n\t\t\t\t\t\t<span class=\"screen-reader-text\">apple-podcasts<\/span>\n\t\t\t\n\t\t\t\t\t\t<span class=\"zoom-social_icons-list-span social-icon socicon socicon-apple-podcasts\" data-hover-rule=\"background-color\" data-hover-color=\"#9933CC\" style=\"background-color : #9933CC; font-size: 18px; padding:8px\" ><\/span>\n\t\t\t\n\t\t\t\t\t<\/a>\n\t<\/li>\n\n\t\n\t\t\t\t<li class=\"zoom-social_icons-list__item\">\n\t\t<a class=\"zoom-social_icons-list__link\" href=\"https:\/\/open.spotify.com\/show\/6BQU32LCrRmBj0MFfQ8G8o\" target=\"_blank\" title=\"\" rel=\"noopener\">\n\t\t\t\t\t\t\t\t\t\n\t\t\t\t\t\t<span class=\"screen-reader-text\">spotify<\/span>\n\t\t\t\n\t\t\t\t\t\t<span class=\"zoom-social_icons-list-span social-icon socicon socicon-spotify\" data-hover-rule=\"background-color\" data-hover-color=\"#1DB954\" style=\"background-color : #1DB954; font-size: 18px; padding:8px\" ><\/span>\n\t\t\t\n\t\t\t\t\t<\/a>\n\t<\/li>\n\n\t\n\t\t\t\t<li class=\"zoom-social_icons-list__item\">\n\t\t<a class=\"zoom-social_icons-list__link\" href=\"https:\/\/podcasts.google.com\/feed\/aHR0cHM6Ly9hbmNob3IuZm0vcy81ZDQyYzVjYy9wb2RjYXN0L3Jzcw%3D%3D\" target=\"_blank\" title=\"\" rel=\"noopener\">\n\t\t\t\t\t\t\t\t\t\n\t\t\t\t\t\t<span class=\"screen-reader-text\">google-podcasts<\/span>\n\t\t\t\n\t\t\t\t\t\t<span class=\"zoom-social_icons-list-span social-icon socicon socicon-google-podcasts\" data-hover-rule=\"background-color\" data-hover-color=\"#4285F4\" style=\"background-color : #4285F4; font-size: 18px; padding:8px\" role='img' aria-label='Google Podcasts'><\/span>\n\t\t\t\n\t\t\t\t\t<\/a>\n\t<\/li>\n\n\t\n<\/ul>\n\n\t\t<\/div><\/div>\n<\/div><\/div><\/main><!-- close content main element --><\/div><\/div><\/div>\n<style type=\"text\/css\" data-created_by=\"avia_inline_auto\" id=\"style-css-av-lagzjol6-4860bcb64de1145be8ffc758b87d46dc\">\n.avia-section.av-lagzjol6-4860bcb64de1145be8ffc758b87d46dc{\nbackground-repeat:no-repeat;\nbackground-image:url(https:\/\/serina.sk\/en\/wp-content\/uploads\/sites\/7\/2022\/11\/2014-03-12_Peter_Serina_kancelaria_portrety-12.jpg);\nbackground-position:50% 50%;\nbackground-attachment:fixed;\n}\n.avia-section.av-lagzjol6-4860bcb64de1145be8ffc758b87d46dc .av-section-color-overlay{\nopacity:0.8;\nbackground-color:#ffffff;\n}\n<\/style>\n<div id='av_section_2'  class='avia-section av-lagzjol6-4860bcb64de1145be8ffc758b87d46dc main_color avia-section-default avia-no-border-styling  avia-builder-el-4  el_after_av_section  avia-builder-el-last  avia-bg-style-fixed av-section-color-overlay-active av-minimum-height av-minimum-height-custom  container_wrap sidebar_right'  data-section-bg-repeat='no-repeat' data-av_minimum_height_px='400'><div class=\"av-section-color-overlay-wrap\"><div class=\"av-section-color-overlay\"><\/div><div class='container av-section-cont-open' style='height:400px'><div class='template-page content  av-content-small alpha units'><div class='post-entry post-entry-type-page post-entry-111'><div class='entry-content-wrapper clearfix'>\n\n<style type=\"text\/css\" data-created_by=\"avia_inline_auto\" id=\"style-css-av-lah0b63d-00df66a87686481b1c99fe70f645d892\">\n#top .av_textblock_section.av-lah0b63d-00df66a87686481b1c99fe70f645d892 .avia_textblock{\ncolor:#ffffff;\n}\n<\/style>\n<section  class='av_textblock_section av-lah0b63d-00df66a87686481b1c99fe70f645d892'  itemscope=\"itemscope\" itemtype=\"https:\/\/schema.org\/CreativeWork\" ><div class='avia_textblock av_inherit_color'  itemprop=\"text\" ><h3><div id=\"jesaei-player-container\" class=\"pro-active-no \"><div id=\"jesaei-player-loading-animation\" class=\"lds-ellipsis\"><div><\/div><div><\/div><div><\/div><div><\/div><\/div><div id=\"jesaei-anchor-podcast-iframe-container\"><iframe id=\"jesaei-anchor-podcast-iframe\" src=\"https:\/\/anchor.fm\/pravek-o-prave-a-ekonomii\/embed\" style=\"width: 100%;\" frameborder=\"0\" scrolling=\"no\" name=\"jesaei_podcast_iframe\"><\/iframe><\/div><div id=\"jesaei-podcast-list-container\" class=\"jesaei-podcast-list-container styles__episodeFeed___3mOKz\"><\/div><\/h3>\n<p class=\"title\" style=\"text-align: center;\"><a title=\"pravEK, podcast o pr\u00e1ve a ekon\u00f3mii\" href=\"https:\/\/skpodcasty.sk\/podcasty\/pravek-podcast-o-prave-a-ekonomii\/\" target=\"_blank\" rel=\"bookmark noopener\">\u00a0<\/a><\/p>\n<\/div><\/section>\n<\/div><\/div><\/div><!-- close content main div --><\/div><\/div><\/div><div id='after_section_2'  class='main_color av_default_container_wrap container_wrap sidebar_right'  ><div class='container av-section-cont-open' ><div class='template-page content  av-content-small alpha units'><div class='post-entry post-entry-type-page post-entry-111'><div class='entry-content-wrapper clearfix'><\/p>\n","protected":false},"excerpt":{"rendered":"","protected":false},"author":1,"featured_media":0,"parent":0,"menu_order":0,"comment_status":"closed","ping_status":"closed","template":"","meta":{"om_disable_all_campaigns":false,"_monsterinsights_skip_tracking":false,"_monsterinsights_sitenote_active":false,"_monsterinsights_sitenote_note":"","_monsterinsights_sitenote_category":0,"footnotes":""},"class_list":["post-111","page","type-page","status-publish","hentry"],"aioseo_notices":[],"yoast_head":"<!-- This site is optimized with the Yoast SEO plugin v27.5 - https:\/\/yoast.com\/product\/yoast-seo-wordpress\/ -->\n<title>Podcast - pravEK - Angli\u010dtina<\/title>\n<meta name=\"robots\" content=\"index, follow, max-snippet:-1, max-image-preview:large, max-video-preview:-1\" \/>\n<link rel=\"canonical\" href=\"https:\/\/advokatserina.sk\/en\/podcast\/\" \/>\n<meta property=\"og:locale\" content=\"en_US\" \/>\n<meta property=\"og:type\" content=\"article\" \/>\n<meta property=\"og:title\" content=\"Podcast - pravEK - Angli\u010dtina\" \/>\n<meta property=\"og:url\" content=\"https:\/\/advokatserina.sk\/en\/podcast\/\" \/>\n<meta property=\"og:site_name\" content=\"Angli\u010dtina\" \/>\n<meta property=\"article:modified_time\" content=\"2023-01-14T17:55:26+00:00\" \/>\n<meta name=\"twitter:card\" content=\"summary_large_image\" \/>\n<meta name=\"twitter:label1\" content=\"Est. reading time\" \/>\n\t<meta name=\"twitter:data1\" content=\"2 minutes\" \/>\n<script type=\"application\/ld+json\" class=\"yoast-schema-graph\">{\"@context\":\"https:\\\/\\\/schema.org\",\"@graph\":[{\"@type\":\"WebPage\",\"@id\":\"https:\\\/\\\/advokatserina.sk\\\/en\\\/podcast\\\/\",\"url\":\"https:\\\/\\\/advokatserina.sk\\\/en\\\/podcast\\\/\",\"name\":\"Podcast - pravEK - Angli\u010dtina\",\"isPartOf\":{\"@id\":\"https:\\\/\\\/advokatserina.sk\\\/en\\\/#website\"},\"datePublished\":\"2022-11-08T16:27:27+00:00\",\"dateModified\":\"2023-01-14T17:55:26+00:00\",\"breadcrumb\":{\"@id\":\"https:\\\/\\\/advokatserina.sk\\\/en\\\/podcast\\\/#breadcrumb\"},\"inLanguage\":\"en-US\",\"potentialAction\":[{\"@type\":\"ReadAction\",\"target\":[\"https:\\\/\\\/advokatserina.sk\\\/en\\\/podcast\\\/\"]}]},{\"@type\":\"BreadcrumbList\",\"@id\":\"https:\\\/\\\/advokatserina.sk\\\/en\\\/podcast\\\/#breadcrumb\",\"itemListElement\":[{\"@type\":\"ListItem\",\"position\":1,\"name\":\"Domovsk\u00e1 str\u00e1nka\",\"item\":\"https:\\\/\\\/advokatserina.sk\\\/en\\\/attorney-peter-serina\\\/\"},{\"@type\":\"ListItem\",\"position\":2,\"name\":\"Podcast &#8211; pravEK\"}]},{\"@type\":\"WebSite\",\"@id\":\"https:\\\/\\\/advokatserina.sk\\\/en\\\/#website\",\"url\":\"https:\\\/\\\/advokatserina.sk\\\/en\\\/\",\"name\":\"Angli\u010dtina\",\"description\":\"lawyer Peter Serina\",\"potentialAction\":[{\"@type\":\"SearchAction\",\"target\":{\"@type\":\"EntryPoint\",\"urlTemplate\":\"https:\\\/\\\/advokatserina.sk\\\/en\\\/?s={search_term_string}\"},\"query-input\":{\"@type\":\"PropertyValueSpecification\",\"valueRequired\":true,\"valueName\":\"search_term_string\"}}],\"inLanguage\":\"en-US\"}]}<\/script>\n<!-- \/ Yoast SEO plugin. -->","yoast_head_json":{"title":"Podcast - pravEK - Angli\u010dtina","robots":{"index":"index","follow":"follow","max-snippet":"max-snippet:-1","max-image-preview":"max-image-preview:large","max-video-preview":"max-video-preview:-1"},"canonical":"https:\/\/advokatserina.sk\/en\/podcast\/","og_locale":"en_US","og_type":"article","og_title":"Podcast - pravEK - Angli\u010dtina","og_url":"https:\/\/advokatserina.sk\/en\/podcast\/","og_site_name":"Angli\u010dtina","article_modified_time":"2023-01-14T17:55:26+00:00","twitter_card":"summary_large_image","twitter_misc":{"Est. reading time":"2 minutes"},"schema":{"@context":"https:\/\/schema.org","@graph":[{"@type":"WebPage","@id":"https:\/\/advokatserina.sk\/en\/podcast\/","url":"https:\/\/advokatserina.sk\/en\/podcast\/","name":"Podcast - pravEK - Angli\u010dtina","isPartOf":{"@id":"https:\/\/advokatserina.sk\/en\/#website"},"datePublished":"2022-11-08T16:27:27+00:00","dateModified":"2023-01-14T17:55:26+00:00","breadcrumb":{"@id":"https:\/\/advokatserina.sk\/en\/podcast\/#breadcrumb"},"inLanguage":"en-US","potentialAction":[{"@type":"ReadAction","target":["https:\/\/advokatserina.sk\/en\/podcast\/"]}]},{"@type":"BreadcrumbList","@id":"https:\/\/advokatserina.sk\/en\/podcast\/#breadcrumb","itemListElement":[{"@type":"ListItem","position":1,"name":"Domovsk\u00e1 str\u00e1nka","item":"https:\/\/advokatserina.sk\/en\/attorney-peter-serina\/"},{"@type":"ListItem","position":2,"name":"Podcast &#8211; pravEK"}]},{"@type":"WebSite","@id":"https:\/\/advokatserina.sk\/en\/#website","url":"https:\/\/advokatserina.sk\/en\/","name":"Angli\u010dtina","description":"lawyer Peter Serina","potentialAction":[{"@type":"SearchAction","target":{"@type":"EntryPoint","urlTemplate":"https:\/\/advokatserina.sk\/en\/?s={search_term_string}"},"query-input":{"@type":"PropertyValueSpecification","valueRequired":true,"valueName":"search_term_string"}}],"inLanguage":"en-US"}]}},"_links":{"self":[{"href":"https:\/\/serina.sk\/en\/wp-json\/wp\/v2\/pages\/111","targetHints":{"allow":["GET"]}}],"collection":[{"href":"https:\/\/serina.sk\/en\/wp-json\/wp\/v2\/pages"}],"about":[{"href":"https:\/\/serina.sk\/en\/wp-json\/wp\/v2\/types\/page"}],"author":[{"embeddable":true,"href":"https:\/\/serina.sk\/en\/wp-json\/wp\/v2\/users\/1"}],"replies":[{"embeddable":true,"href":"https:\/\/serina.sk\/en\/wp-json\/wp\/v2\/comments?post=111"}],"version-history":[{"count":18,"href":"https:\/\/serina.sk\/en\/wp-json\/wp\/v2\/pages\/111\/revisions"}],"predecessor-version":[{"id":656,"href":"https:\/\/serina.sk\/en\/wp-json\/wp\/v2\/pages\/111\/revisions\/656"}],"wp:attachment":[{"href":"https:\/\/serina.sk\/en\/wp-json\/wp\/v2\/media?parent=111"}],"curies":[{"name":"wp","href":"https:\/\/api.w.org\/{rel}","templated":true}]}}